{"id":2851,"date":"2024-03-12T18:36:56","date_gmt":"2024-03-13T01:36:56","guid":{"rendered":"https:\/\/veritaglobal.majortom.dev\/homepage\/"},"modified":"2025-06-13T06:59:30","modified_gmt":"2025-06-13T13:59:30","slug":"homepage","status":"publish","type":"page","link":"https:\/\/veritaglobal.majortom.dev\/fr\/","title":{"rendered":"Accueil"},"content":{"rendered":"","protected":false},"excerpt":{"rendered":"","protected":false},"author":1,"featured_media":0,"parent":0,"menu_order":13,"comment_status":"closed","ping_status":"closed","template":"","meta":{"_acf_changed":false,"footnotes":""},"class_list":["post-2851","page","type-page","status-publish","hentry"],"acf":[],"yoast_head":"<!-- This site is optimized with the Yoast SEO plugin v27.5 - https:\/\/yoast.com\/product\/yoast-seo-wordpress\/ -->\n<title>Verita : ouvrir la voie en mati\u00e8re de solutions juridiques et fiduciaires<\/title>\n<meta name=\"description\" content=\"D\u00e9couvrez comment l&#039;\u00e9quipe d\u00e9di\u00e9e de Verita et les solutions de pointe du secteur peuvent transformer vos d\u00e9fis juridiques en victoires. Des services de fiduciaire \u00e0 la restructuration d\u2019entreprise, nous pouvons vous aider.\" \/>\n<meta name=\"robots\" content=\"index, follow, max-snippet:-1, max-image-preview:large, max-video-preview:-1\" \/>\n<link rel=\"canonical\" href=\"https:\/\/veritaglobal.majortom.dev\/fr\/\" \/>\n<meta property=\"og:locale\" content=\"fr_FR\" \/>\n<meta property=\"og:type\" content=\"article\" \/>\n<meta property=\"og:title\" content=\"Verita : ouvrir la voie en mati\u00e8re de solutions juridiques et fiduciaires\" \/>\n<meta property=\"og:description\" content=\"D\u00e9couvrez comment l&#039;\u00e9quipe d\u00e9di\u00e9e de Verita et les solutions de pointe du secteur peuvent transformer vos d\u00e9fis juridiques en victoires. Des services de fiduciaire \u00e0 la restructuration d\u2019entreprise, nous pouvons vous aider.\" \/>\n<meta property=\"og:url\" content=\"https:\/\/veritaglobal.majortom.dev\/fr\/\" \/>\n<meta property=\"og:site_name\" content=\"Verita Global\" \/>\n<meta property=\"article:modified_time\" content=\"2025-06-13T13:59:30+00:00\" \/>\n<meta name=\"twitter:card\" content=\"summary_large_image\" \/>\n<script type=\"application\/ld+json\" class=\"yoast-schema-graph\">{\"@context\":\"https:\\\/\\\/schema.org\",\"@graph\":[{\"@type\":\"WebPage\",\"@id\":\"https:\\\/\\\/veritaglobal.majortom.dev\\\/fr\\\/\",\"url\":\"https:\\\/\\\/veritaglobal.majortom.dev\\\/fr\\\/\",\"name\":\"Verita : ouvrir la voie en mati\u00e8re de solutions juridiques et fiduciaires\",\"isPartOf\":{\"@id\":\"https:\\\/\\\/veritaglobal.majortom.dev\\\/fr\\\/#website\"},\"datePublished\":\"2024-03-13T01:36:56+00:00\",\"dateModified\":\"2025-06-13T13:59:30+00:00\",\"description\":\"D\u00e9couvrez comment l'\u00e9quipe d\u00e9di\u00e9e de Verita et les solutions de pointe du secteur peuvent transformer vos d\u00e9fis juridiques en victoires. Des services de fiduciaire \u00e0 la restructuration d\u2019entreprise, nous pouvons vous aider.\",\"breadcrumb\":{\"@id\":\"https:\\\/\\\/veritaglobal.majortom.dev\\\/fr\\\/#breadcrumb\"},\"inLanguage\":\"fr-FR\",\"potentialAction\":[{\"@type\":\"ReadAction\",\"target\":[\"https:\\\/\\\/veritaglobal.majortom.dev\\\/fr\\\/\"]}]},{\"@type\":\"BreadcrumbList\",\"@id\":\"https:\\\/\\\/veritaglobal.majortom.dev\\\/fr\\\/#breadcrumb\",\"itemListElement\":[{\"@type\":\"ListItem\",\"position\":1,\"name\":\"Accueil\",\"item\":\"https:\\\/\\\/veritaglobal.majortom.dev\\\/fr\\\/\"},{\"@type\":\"ListItem\",\"position\":2,\"name\":\"Accueil\"}]},{\"@type\":\"WebSite\",\"@id\":\"https:\\\/\\\/veritaglobal.majortom.dev\\\/fr\\\/#website\",\"url\":\"https:\\\/\\\/veritaglobal.majortom.dev\\\/fr\\\/\",\"name\":\"Verita Global\",\"description\":\"\",\"potentialAction\":[{\"@type\":\"SearchAction\",\"target\":{\"@type\":\"EntryPoint\",\"urlTemplate\":\"https:\\\/\\\/veritaglobal.majortom.dev\\\/fr\\\/?s={search_term_string}\"},\"query-input\":{\"@type\":\"PropertyValueSpecification\",\"valueRequired\":true,\"valueName\":\"search_term_string\"}}],\"inLanguage\":\"fr-FR\"}]}<\/script>\n<!-- \/ Yoast SEO plugin. -->","yoast_head_json":{"title":"Verita : ouvrir la voie en mati\u00e8re de solutions juridiques et fiduciaires","description":"D\u00e9couvrez comment l'\u00e9quipe d\u00e9di\u00e9e de Verita et les solutions de pointe du secteur peuvent transformer vos d\u00e9fis juridiques en victoires. Des services de fiduciaire \u00e0 la restructuration d\u2019entreprise, nous pouvons vous aider.","robots":{"index":"index","follow":"follow","max-snippet":"max-snippet:-1","max-image-preview":"max-image-preview:large","max-video-preview":"max-video-preview:-1"},"canonical":"https:\/\/veritaglobal.majortom.dev\/fr\/","og_locale":"fr_FR","og_type":"article","og_title":"Verita : ouvrir la voie en mati\u00e8re de solutions juridiques et fiduciaires","og_description":"D\u00e9couvrez comment l'\u00e9quipe d\u00e9di\u00e9e de Verita et les solutions de pointe du secteur peuvent transformer vos d\u00e9fis juridiques en victoires. Des services de fiduciaire \u00e0 la restructuration d\u2019entreprise, nous pouvons vous aider.","og_url":"https:\/\/veritaglobal.majortom.dev\/fr\/","og_site_name":"Verita Global","article_modified_time":"2025-06-13T13:59:30+00:00","twitter_card":"summary_large_image","schema":{"@context":"https:\/\/schema.org","@graph":[{"@type":"WebPage","@id":"https:\/\/veritaglobal.majortom.dev\/fr\/","url":"https:\/\/veritaglobal.majortom.dev\/fr\/","name":"Verita : ouvrir la voie en mati\u00e8re de solutions juridiques et fiduciaires","isPartOf":{"@id":"https:\/\/veritaglobal.majortom.dev\/fr\/#website"},"datePublished":"2024-03-13T01:36:56+00:00","dateModified":"2025-06-13T13:59:30+00:00","description":"D\u00e9couvrez comment l'\u00e9quipe d\u00e9di\u00e9e de Verita et les solutions de pointe du secteur peuvent transformer vos d\u00e9fis juridiques en victoires. Des services de fiduciaire \u00e0 la restructuration d\u2019entreprise, nous pouvons vous aider.","breadcrumb":{"@id":"https:\/\/veritaglobal.majortom.dev\/fr\/#breadcrumb"},"inLanguage":"fr-FR","potentialAction":[{"@type":"ReadAction","target":["https:\/\/veritaglobal.majortom.dev\/fr\/"]}]},{"@type":"BreadcrumbList","@id":"https:\/\/veritaglobal.majortom.dev\/fr\/#breadcrumb","itemListElement":[{"@type":"ListItem","position":1,"name":"Accueil","item":"https:\/\/veritaglobal.majortom.dev\/fr\/"},{"@type":"ListItem","position":2,"name":"Accueil"}]},{"@type":"WebSite","@id":"https:\/\/veritaglobal.majortom.dev\/fr\/#website","url":"https:\/\/veritaglobal.majortom.dev\/fr\/","name":"Verita Global","description":"","potentialAction":[{"@type":"SearchAction","target":{"@type":"EntryPoint","urlTemplate":"https:\/\/veritaglobal.majortom.dev\/fr\/?s={search_term_string}"},"query-input":{"@type":"PropertyValueSpecification","valueRequired":true,"valueName":"search_term_string"}}],"inLanguage":"fr-FR"}]}},"_links":{"self":[{"href":"https:\/\/veritaglobal.majortom.dev\/fr\/wp-json\/wp\/v2\/pages\/2851","targetHints":{"allow":["GET"]}}],"collection":[{"href":"https:\/\/veritaglobal.majortom.dev\/fr\/wp-json\/wp\/v2\/pages"}],"about":[{"href":"https:\/\/veritaglobal.majortom.dev\/fr\/wp-json\/wp\/v2\/types\/page"}],"author":[{"embeddable":true,"href":"https:\/\/veritaglobal.majortom.dev\/fr\/wp-json\/wp\/v2\/users\/1"}],"replies":[{"embeddable":true,"href":"https:\/\/veritaglobal.majortom.dev\/fr\/wp-json\/wp\/v2\/comments?post=2851"}],"version-history":[{"count":11,"href":"https:\/\/veritaglobal.majortom.dev\/fr\/wp-json\/wp\/v2\/pages\/2851\/revisions"}],"predecessor-version":[{"id":4383,"href":"https:\/\/veritaglobal.majortom.dev\/fr\/wp-json\/wp\/v2\/pages\/2851\/revisions\/4383"}],"wp:attachment":[{"href":"https:\/\/veritaglobal.majortom.dev\/fr\/wp-json\/wp\/v2\/media?parent=2851"}],"curies":[{"name":"wp","href":"https:\/\/api.w.org\/{rel}","templated":true}]}}