{"id":2855,"date":"2024-03-12T18:41:47","date_gmt":"2024-03-13T01:41:47","guid":{"rendered":"https:\/\/veritaglobal.majortom.dev\/about-us\/our-team\/"},"modified":"2024-11-01T16:11:04","modified_gmt":"2024-11-01T23:11:04","slug":"notre-equipe","status":"publish","type":"page","link":"https:\/\/veritaglobal.majortom.dev\/fr\/a-propos-de-nous\/notre-equipe\/","title":{"rendered":"Notre \u00e9quipe"},"content":{"rendered":"","protected":false},"excerpt":{"rendered":"","protected":false},"author":1,"featured_media":0,"parent":2853,"menu_order":1,"comment_status":"closed","ping_status":"closed","template":"templates\/template-team.php","meta":{"_acf_changed":false,"footnotes":""},"class_list":["post-2855","page","type-page","status-publish","hentry"],"acf":[],"yoast_head":"<!-- This site is optimized with the Yoast SEO plugin v27.5 - https:\/\/yoast.com\/product\/yoast-seo-wordpress\/ -->\n<title>Rencontrez l&#039;\u00e9quipe Verita : leaders du secteur des services client<\/title>\n<meta name=\"description\" content=\"Apprenez \u00e0 conna\u00eetre les experts derri\u00e8re les services clients acclam\u00e9s de Verita. L&#039;exp\u00e9rience et le d\u00e9vouement in\u00e9gal\u00e9s de notre \u00e9quipe sont pr\u00eats \u00e0 \u00e9lever votre projet.\" \/>\n<meta name=\"robots\" content=\"index, follow, max-snippet:-1, max-image-preview:large, max-video-preview:-1\" \/>\n<link rel=\"canonical\" href=\"https:\/\/veritaglobal.majortom.dev\/fr\/a-propos-de-nous\/notre-equipe\/\" \/>\n<meta property=\"og:locale\" content=\"fr_FR\" \/>\n<meta property=\"og:type\" content=\"article\" \/>\n<meta property=\"og:title\" content=\"Rencontrez l&#039;\u00e9quipe Verita : leaders du secteur des services client\" \/>\n<meta property=\"og:description\" content=\"Apprenez \u00e0 conna\u00eetre les experts derri\u00e8re les services clients acclam\u00e9s de Verita. L&#039;exp\u00e9rience et le d\u00e9vouement in\u00e9gal\u00e9s de notre \u00e9quipe sont pr\u00eats \u00e0 \u00e9lever votre projet.\" \/>\n<meta property=\"og:url\" content=\"https:\/\/veritaglobal.majortom.dev\/fr\/a-propos-de-nous\/notre-equipe\/\" \/>\n<meta property=\"og:site_name\" content=\"Verita Global\" \/>\n<meta property=\"article:modified_time\" content=\"2024-11-01T23:11:04+00:00\" \/>\n<meta name=\"twitter:card\" content=\"summary_large_image\" \/>\n<script type=\"application\/ld+json\" class=\"yoast-schema-graph\">{\"@context\":\"https:\\\/\\\/schema.org\",\"@graph\":[{\"@type\":\"WebPage\",\"@id\":\"https:\\\/\\\/veritaglobal.majortom.dev\\\/fr\\\/a-propos-de-nous\\\/notre-equipe\\\/\",\"url\":\"https:\\\/\\\/veritaglobal.majortom.dev\\\/fr\\\/a-propos-de-nous\\\/notre-equipe\\\/\",\"name\":\"Rencontrez l'\u00e9quipe Verita : leaders du secteur des services client\",\"isPartOf\":{\"@id\":\"https:\\\/\\\/veritaglobal.majortom.dev\\\/fr\\\/#website\"},\"datePublished\":\"2024-03-13T01:41:47+00:00\",\"dateModified\":\"2024-11-01T23:11:04+00:00\",\"description\":\"Apprenez \u00e0 conna\u00eetre les experts derri\u00e8re les services clients acclam\u00e9s de Verita. L'exp\u00e9rience et le d\u00e9vouement in\u00e9gal\u00e9s de notre \u00e9quipe sont pr\u00eats \u00e0 \u00e9lever votre projet.\",\"breadcrumb\":{\"@id\":\"https:\\\/\\\/veritaglobal.majortom.dev\\\/fr\\\/a-propos-de-nous\\\/notre-equipe\\\/#breadcrumb\"},\"inLanguage\":\"fr-FR\",\"potentialAction\":[{\"@type\":\"ReadAction\",\"target\":[\"https:\\\/\\\/veritaglobal.majortom.dev\\\/fr\\\/a-propos-de-nous\\\/notre-equipe\\\/\"]}]},{\"@type\":\"BreadcrumbList\",\"@id\":\"https:\\\/\\\/veritaglobal.majortom.dev\\\/fr\\\/a-propos-de-nous\\\/notre-equipe\\\/#breadcrumb\",\"itemListElement\":[{\"@type\":\"ListItem\",\"position\":1,\"name\":\"Accueil\",\"item\":\"https:\\\/\\\/veritaglobal.majortom.dev\\\/fr\\\/\"},{\"@type\":\"ListItem\",\"position\":2,\"name\":\"Pourquoi Verita\",\"item\":\"https:\\\/\\\/veritaglobal.majortom.dev\\\/fr\\\/a-propos-de-nous\\\/\"},{\"@type\":\"ListItem\",\"position\":3,\"name\":\"Notre \u00e9quipe\"}]},{\"@type\":\"WebSite\",\"@id\":\"https:\\\/\\\/veritaglobal.majortom.dev\\\/fr\\\/#website\",\"url\":\"https:\\\/\\\/veritaglobal.majortom.dev\\\/fr\\\/\",\"name\":\"Verita Global\",\"description\":\"\",\"potentialAction\":[{\"@type\":\"SearchAction\",\"target\":{\"@type\":\"EntryPoint\",\"urlTemplate\":\"https:\\\/\\\/veritaglobal.majortom.dev\\\/fr\\\/?s={search_term_string}\"},\"query-input\":{\"@type\":\"PropertyValueSpecification\",\"valueRequired\":true,\"valueName\":\"search_term_string\"}}],\"inLanguage\":\"fr-FR\"}]}<\/script>\n<!-- \/ Yoast SEO plugin. -->","yoast_head_json":{"title":"Rencontrez l'\u00e9quipe Verita : leaders du secteur des services client","description":"Apprenez \u00e0 conna\u00eetre les experts derri\u00e8re les services clients acclam\u00e9s de Verita. L'exp\u00e9rience et le d\u00e9vouement in\u00e9gal\u00e9s de notre \u00e9quipe sont pr\u00eats \u00e0 \u00e9lever votre projet.","robots":{"index":"index","follow":"follow","max-snippet":"max-snippet:-1","max-image-preview":"max-image-preview:large","max-video-preview":"max-video-preview:-1"},"canonical":"https:\/\/veritaglobal.majortom.dev\/fr\/a-propos-de-nous\/notre-equipe\/","og_locale":"fr_FR","og_type":"article","og_title":"Rencontrez l'\u00e9quipe Verita : leaders du secteur des services client","og_description":"Apprenez \u00e0 conna\u00eetre les experts derri\u00e8re les services clients acclam\u00e9s de Verita. L'exp\u00e9rience et le d\u00e9vouement in\u00e9gal\u00e9s de notre \u00e9quipe sont pr\u00eats \u00e0 \u00e9lever votre projet.","og_url":"https:\/\/veritaglobal.majortom.dev\/fr\/a-propos-de-nous\/notre-equipe\/","og_site_name":"Verita Global","article_modified_time":"2024-11-01T23:11:04+00:00","twitter_card":"summary_large_image","schema":{"@context":"https:\/\/schema.org","@graph":[{"@type":"WebPage","@id":"https:\/\/veritaglobal.majortom.dev\/fr\/a-propos-de-nous\/notre-equipe\/","url":"https:\/\/veritaglobal.majortom.dev\/fr\/a-propos-de-nous\/notre-equipe\/","name":"Rencontrez l'\u00e9quipe Verita : leaders du secteur des services client","isPartOf":{"@id":"https:\/\/veritaglobal.majortom.dev\/fr\/#website"},"datePublished":"2024-03-13T01:41:47+00:00","dateModified":"2024-11-01T23:11:04+00:00","description":"Apprenez \u00e0 conna\u00eetre les experts derri\u00e8re les services clients acclam\u00e9s de Verita. L'exp\u00e9rience et le d\u00e9vouement in\u00e9gal\u00e9s de notre \u00e9quipe sont pr\u00eats \u00e0 \u00e9lever votre projet.","breadcrumb":{"@id":"https:\/\/veritaglobal.majortom.dev\/fr\/a-propos-de-nous\/notre-equipe\/#breadcrumb"},"inLanguage":"fr-FR","potentialAction":[{"@type":"ReadAction","target":["https:\/\/veritaglobal.majortom.dev\/fr\/a-propos-de-nous\/notre-equipe\/"]}]},{"@type":"BreadcrumbList","@id":"https:\/\/veritaglobal.majortom.dev\/fr\/a-propos-de-nous\/notre-equipe\/#breadcrumb","itemListElement":[{"@type":"ListItem","position":1,"name":"Accueil","item":"https:\/\/veritaglobal.majortom.dev\/fr\/"},{"@type":"ListItem","position":2,"name":"Pourquoi Verita","item":"https:\/\/veritaglobal.majortom.dev\/fr\/a-propos-de-nous\/"},{"@type":"ListItem","position":3,"name":"Notre \u00e9quipe"}]},{"@type":"WebSite","@id":"https:\/\/veritaglobal.majortom.dev\/fr\/#website","url":"https:\/\/veritaglobal.majortom.dev\/fr\/","name":"Verita Global","description":"","potentialAction":[{"@type":"SearchAction","target":{"@type":"EntryPoint","urlTemplate":"https:\/\/veritaglobal.majortom.dev\/fr\/?s={search_term_string}"},"query-input":{"@type":"PropertyValueSpecification","valueRequired":true,"valueName":"search_term_string"}}],"inLanguage":"fr-FR"}]}},"_links":{"self":[{"href":"https:\/\/veritaglobal.majortom.dev\/fr\/wp-json\/wp\/v2\/pages\/2855","targetHints":{"allow":["GET"]}}],"collection":[{"href":"https:\/\/veritaglobal.majortom.dev\/fr\/wp-json\/wp\/v2\/pages"}],"about":[{"href":"https:\/\/veritaglobal.majortom.dev\/fr\/wp-json\/wp\/v2\/types\/page"}],"author":[{"embeddable":true,"href":"https:\/\/veritaglobal.majortom.dev\/fr\/wp-json\/wp\/v2\/users\/1"}],"replies":[{"embeddable":true,"href":"https:\/\/veritaglobal.majortom.dev\/fr\/wp-json\/wp\/v2\/comments?post=2855"}],"version-history":[{"count":3,"href":"https:\/\/veritaglobal.majortom.dev\/fr\/wp-json\/wp\/v2\/pages\/2855\/revisions"}],"predecessor-version":[{"id":3303,"href":"https:\/\/veritaglobal.majortom.dev\/fr\/wp-json\/wp\/v2\/pages\/2855\/revisions\/3303"}],"up":[{"embeddable":true,"href":"https:\/\/veritaglobal.majortom.dev\/fr\/wp-json\/wp\/v2\/pages\/2853"}],"wp:attachment":[{"href":"https:\/\/veritaglobal.majortom.dev\/fr\/wp-json\/wp\/v2\/media?parent=2855"}],"curies":[{"name":"wp","href":"https:\/\/api.w.org\/{rel}","templated":true}]}}