{"id":2856,"date":"2024-03-12T18:41:32","date_gmt":"2024-03-13T01:41:32","guid":{"rendered":"https:\/\/veritaglobal.majortom.dev\/about-us\/our-story\/"},"modified":"2026-04-28T11:55:13","modified_gmt":"2026-04-28T18:55:13","slug":"notre-histoire","status":"publish","type":"page","link":"https:\/\/veritaglobal.majortom.dev\/fr\/a-propos-de-nous\/notre-histoire\/","title":{"rendered":"Notre Histoire"},"content":{"rendered":"","protected":false},"excerpt":{"rendered":"","protected":false},"author":1,"featured_media":0,"parent":2853,"menu_order":0,"comment_status":"closed","ping_status":"closed","template":"templates\/template-content.php","meta":{"_acf_changed":false,"footnotes":""},"class_list":["post-2856","page","type-page","status-publish","hentry"],"acf":[],"yoast_head":"<!-- This site is optimized with the Yoast SEO plugin v27.5 - https:\/\/yoast.com\/product\/yoast-seo-wordpress\/ -->\n<title>Verita : des d\u00e9cennies de support juridique et d&#039;excellence de confiance<\/title>\n<meta name=\"description\" content=\"D\u00e9couvrez le parcours de Verita depuis les d\u00e9buts de KCC jusqu&#039;\u00e0 devenir une puissance mondiale en mati\u00e8re de services juridiques et fiduciaires. Pr\u00eat \u00e0 vous associer ? Parlons.\" \/>\n<meta name=\"robots\" content=\"index, follow, max-snippet:-1, max-image-preview:large, max-video-preview:-1\" \/>\n<link rel=\"canonical\" href=\"https:\/\/veritaglobal.majortom.dev\/fr\/a-propos-de-nous\/notre-histoire\/\" \/>\n<meta property=\"og:locale\" content=\"fr_FR\" \/>\n<meta property=\"og:type\" content=\"article\" \/>\n<meta property=\"og:title\" content=\"Verita : des d\u00e9cennies de support juridique et d&#039;excellence de confiance\" \/>\n<meta property=\"og:description\" content=\"D\u00e9couvrez le parcours de Verita depuis les d\u00e9buts de KCC jusqu&#039;\u00e0 devenir une puissance mondiale en mati\u00e8re de services juridiques et fiduciaires. Pr\u00eat \u00e0 vous associer ? Parlons.\" \/>\n<meta property=\"og:url\" content=\"https:\/\/veritaglobal.majortom.dev\/fr\/a-propos-de-nous\/notre-histoire\/\" \/>\n<meta property=\"og:site_name\" content=\"Verita Global\" \/>\n<meta property=\"article:modified_time\" content=\"2026-04-28T18:55:13+00:00\" \/>\n<meta name=\"twitter:card\" content=\"summary_large_image\" \/>\n<script type=\"application\/ld+json\" class=\"yoast-schema-graph\">{\"@context\":\"https:\\\/\\\/schema.org\",\"@graph\":[{\"@type\":\"WebPage\",\"@id\":\"https:\\\/\\\/veritaglobal.majortom.dev\\\/fr\\\/a-propos-de-nous\\\/notre-histoire\\\/\",\"url\":\"https:\\\/\\\/veritaglobal.majortom.dev\\\/fr\\\/a-propos-de-nous\\\/notre-histoire\\\/\",\"name\":\"Verita : des d\u00e9cennies de support juridique et d'excellence de confiance\",\"isPartOf\":{\"@id\":\"https:\\\/\\\/veritaglobal.majortom.dev\\\/fr\\\/#website\"},\"datePublished\":\"2024-03-13T01:41:32+00:00\",\"dateModified\":\"2026-04-28T18:55:13+00:00\",\"description\":\"D\u00e9couvrez le parcours de Verita depuis les d\u00e9buts de KCC jusqu'\u00e0 devenir une puissance mondiale en mati\u00e8re de services juridiques et fiduciaires. Pr\u00eat \u00e0 vous associer ? Parlons.\",\"breadcrumb\":{\"@id\":\"https:\\\/\\\/veritaglobal.majortom.dev\\\/fr\\\/a-propos-de-nous\\\/notre-histoire\\\/#breadcrumb\"},\"inLanguage\":\"fr-FR\",\"potentialAction\":[{\"@type\":\"ReadAction\",\"target\":[\"https:\\\/\\\/veritaglobal.majortom.dev\\\/fr\\\/a-propos-de-nous\\\/notre-histoire\\\/\"]}]},{\"@type\":\"BreadcrumbList\",\"@id\":\"https:\\\/\\\/veritaglobal.majortom.dev\\\/fr\\\/a-propos-de-nous\\\/notre-histoire\\\/#breadcrumb\",\"itemListElement\":[{\"@type\":\"ListItem\",\"position\":1,\"name\":\"Accueil\",\"item\":\"https:\\\/\\\/veritaglobal.majortom.dev\\\/fr\\\/\"},{\"@type\":\"ListItem\",\"position\":2,\"name\":\"Pourquoi Verita\",\"item\":\"https:\\\/\\\/veritaglobal.majortom.dev\\\/fr\\\/a-propos-de-nous\\\/\"},{\"@type\":\"ListItem\",\"position\":3,\"name\":\"Notre Histoire\"}]},{\"@type\":\"WebSite\",\"@id\":\"https:\\\/\\\/veritaglobal.majortom.dev\\\/fr\\\/#website\",\"url\":\"https:\\\/\\\/veritaglobal.majortom.dev\\\/fr\\\/\",\"name\":\"Verita Global\",\"description\":\"\",\"potentialAction\":[{\"@type\":\"SearchAction\",\"target\":{\"@type\":\"EntryPoint\",\"urlTemplate\":\"https:\\\/\\\/veritaglobal.majortom.dev\\\/fr\\\/?s={search_term_string}\"},\"query-input\":{\"@type\":\"PropertyValueSpecification\",\"valueRequired\":true,\"valueName\":\"search_term_string\"}}],\"inLanguage\":\"fr-FR\"}]}<\/script>\n<!-- \/ Yoast SEO plugin. -->","yoast_head_json":{"title":"Verita : des d\u00e9cennies de support juridique et d'excellence de confiance","description":"D\u00e9couvrez le parcours de Verita depuis les d\u00e9buts de KCC jusqu'\u00e0 devenir une puissance mondiale en mati\u00e8re de services juridiques et fiduciaires. Pr\u00eat \u00e0 vous associer ? Parlons.","robots":{"index":"index","follow":"follow","max-snippet":"max-snippet:-1","max-image-preview":"max-image-preview:large","max-video-preview":"max-video-preview:-1"},"canonical":"https:\/\/veritaglobal.majortom.dev\/fr\/a-propos-de-nous\/notre-histoire\/","og_locale":"fr_FR","og_type":"article","og_title":"Verita : des d\u00e9cennies de support juridique et d'excellence de confiance","og_description":"D\u00e9couvrez le parcours de Verita depuis les d\u00e9buts de KCC jusqu'\u00e0 devenir une puissance mondiale en mati\u00e8re de services juridiques et fiduciaires. Pr\u00eat \u00e0 vous associer ? Parlons.","og_url":"https:\/\/veritaglobal.majortom.dev\/fr\/a-propos-de-nous\/notre-histoire\/","og_site_name":"Verita Global","article_modified_time":"2026-04-28T18:55:13+00:00","twitter_card":"summary_large_image","schema":{"@context":"https:\/\/schema.org","@graph":[{"@type":"WebPage","@id":"https:\/\/veritaglobal.majortom.dev\/fr\/a-propos-de-nous\/notre-histoire\/","url":"https:\/\/veritaglobal.majortom.dev\/fr\/a-propos-de-nous\/notre-histoire\/","name":"Verita : des d\u00e9cennies de support juridique et d'excellence de confiance","isPartOf":{"@id":"https:\/\/veritaglobal.majortom.dev\/fr\/#website"},"datePublished":"2024-03-13T01:41:32+00:00","dateModified":"2026-04-28T18:55:13+00:00","description":"D\u00e9couvrez le parcours de Verita depuis les d\u00e9buts de KCC jusqu'\u00e0 devenir une puissance mondiale en mati\u00e8re de services juridiques et fiduciaires. Pr\u00eat \u00e0 vous associer ? Parlons.","breadcrumb":{"@id":"https:\/\/veritaglobal.majortom.dev\/fr\/a-propos-de-nous\/notre-histoire\/#breadcrumb"},"inLanguage":"fr-FR","potentialAction":[{"@type":"ReadAction","target":["https:\/\/veritaglobal.majortom.dev\/fr\/a-propos-de-nous\/notre-histoire\/"]}]},{"@type":"BreadcrumbList","@id":"https:\/\/veritaglobal.majortom.dev\/fr\/a-propos-de-nous\/notre-histoire\/#breadcrumb","itemListElement":[{"@type":"ListItem","position":1,"name":"Accueil","item":"https:\/\/veritaglobal.majortom.dev\/fr\/"},{"@type":"ListItem","position":2,"name":"Pourquoi Verita","item":"https:\/\/veritaglobal.majortom.dev\/fr\/a-propos-de-nous\/"},{"@type":"ListItem","position":3,"name":"Notre Histoire"}]},{"@type":"WebSite","@id":"https:\/\/veritaglobal.majortom.dev\/fr\/#website","url":"https:\/\/veritaglobal.majortom.dev\/fr\/","name":"Verita Global","description":"","potentialAction":[{"@type":"SearchAction","target":{"@type":"EntryPoint","urlTemplate":"https:\/\/veritaglobal.majortom.dev\/fr\/?s={search_term_string}"},"query-input":{"@type":"PropertyValueSpecification","valueRequired":true,"valueName":"search_term_string"}}],"inLanguage":"fr-FR"}]}},"_links":{"self":[{"href":"https:\/\/veritaglobal.majortom.dev\/fr\/wp-json\/wp\/v2\/pages\/2856","targetHints":{"allow":["GET"]}}],"collection":[{"href":"https:\/\/veritaglobal.majortom.dev\/fr\/wp-json\/wp\/v2\/pages"}],"about":[{"href":"https:\/\/veritaglobal.majortom.dev\/fr\/wp-json\/wp\/v2\/types\/page"}],"author":[{"embeddable":true,"href":"https:\/\/veritaglobal.majortom.dev\/fr\/wp-json\/wp\/v2\/users\/1"}],"replies":[{"embeddable":true,"href":"https:\/\/veritaglobal.majortom.dev\/fr\/wp-json\/wp\/v2\/comments?post=2856"}],"version-history":[{"count":4,"href":"https:\/\/veritaglobal.majortom.dev\/fr\/wp-json\/wp\/v2\/pages\/2856\/revisions"}],"predecessor-version":[{"id":5296,"href":"https:\/\/veritaglobal.majortom.dev\/fr\/wp-json\/wp\/v2\/pages\/2856\/revisions\/5296"}],"up":[{"embeddable":true,"href":"https:\/\/veritaglobal.majortom.dev\/fr\/wp-json\/wp\/v2\/pages\/2853"}],"wp:attachment":[{"href":"https:\/\/veritaglobal.majortom.dev\/fr\/wp-json\/wp\/v2\/media?parent=2856"}],"curies":[{"name":"wp","href":"https:\/\/api.w.org\/{rel}","templated":true}]}}