{"id":2952,"date":"2024-03-27T13:40:28","date_gmt":"2024-03-27T20:40:28","guid":{"rendered":"https:\/\/veritaglobal.majortom.dev\/news-updates\/"},"modified":"2024-11-14T16:38:42","modified_gmt":"2024-11-15T00:38:42","slug":"actualites-et-mises-a-jour","status":"publish","type":"page","link":"https:\/\/veritaglobal.majortom.dev\/fr\/actualites-et-mises-a-jour\/","title":{"rendered":"Actualit\u00e9s et Mises \u00e0 Jour"},"content":{"rendered":"","protected":false},"excerpt":{"rendered":"","protected":false},"author":1,"featured_media":0,"parent":0,"menu_order":1,"comment_status":"closed","ping_status":"closed","template":"templates\/template-news-updates.php","meta":{"_acf_changed":false,"footnotes":""},"class_list":["post-2952","page","type-page","status-publish","hentry"],"acf":[],"yoast_head":"<!-- This site is optimized with the Yoast SEO plugin v27.5 - https:\/\/yoast.com\/product\/yoast-seo-wordpress\/ -->\n<title>Verita Insights\u00a0: actualit\u00e9s du secteur juridique et mises \u00e0 jour r\u00e9volutionnaires<\/title>\n<meta name=\"description\" content=\"Restez inform\u00e9 des derni\u00e8res actualit\u00e9s et mises \u00e0 jour de Verita. D\u00e9couvrez les nouveaux accomplissements, les connaissances sectorielles et comment nous fa\u00e7onnons l&#039;avenir des services juridiques.\" \/>\n<meta name=\"robots\" content=\"index, follow, max-snippet:-1, max-image-preview:large, max-video-preview:-1\" \/>\n<link rel=\"canonical\" href=\"https:\/\/veritaglobal.majortom.dev\/fr\/actualites-et-mises-a-jour\/\" \/>\n<meta property=\"og:locale\" content=\"fr_FR\" \/>\n<meta property=\"og:type\" content=\"article\" \/>\n<meta property=\"og:title\" content=\"Verita Insights\u00a0: actualit\u00e9s du secteur juridique et mises \u00e0 jour r\u00e9volutionnaires\" \/>\n<meta property=\"og:description\" content=\"Restez inform\u00e9 des derni\u00e8res actualit\u00e9s et mises \u00e0 jour de Verita. D\u00e9couvrez les nouveaux accomplissements, les connaissances sectorielles et comment nous fa\u00e7onnons l&#039;avenir des services juridiques.\" \/>\n<meta property=\"og:url\" content=\"https:\/\/veritaglobal.majortom.dev\/fr\/actualites-et-mises-a-jour\/\" \/>\n<meta property=\"og:site_name\" content=\"Verita Global\" \/>\n<meta property=\"article:modified_time\" content=\"2024-11-15T00:38:42+00:00\" \/>\n<meta name=\"twitter:card\" content=\"summary_large_image\" \/>\n<script type=\"application\/ld+json\" class=\"yoast-schema-graph\">{\"@context\":\"https:\\\/\\\/schema.org\",\"@graph\":[{\"@type\":\"WebPage\",\"@id\":\"https:\\\/\\\/veritaglobal.majortom.dev\\\/fr\\\/actualites-et-mises-a-jour\\\/\",\"url\":\"https:\\\/\\\/veritaglobal.majortom.dev\\\/fr\\\/actualites-et-mises-a-jour\\\/\",\"name\":\"Verita Insights\u00a0: actualit\u00e9s du secteur juridique et mises \u00e0 jour r\u00e9volutionnaires\",\"isPartOf\":{\"@id\":\"https:\\\/\\\/veritaglobal.majortom.dev\\\/fr\\\/#website\"},\"datePublished\":\"2024-03-27T20:40:28+00:00\",\"dateModified\":\"2024-11-15T00:38:42+00:00\",\"description\":\"Restez inform\u00e9 des derni\u00e8res actualit\u00e9s et mises \u00e0 jour de Verita. D\u00e9couvrez les nouveaux accomplissements, les connaissances sectorielles et comment nous fa\u00e7onnons l'avenir des services juridiques.\",\"breadcrumb\":{\"@id\":\"https:\\\/\\\/veritaglobal.majortom.dev\\\/fr\\\/actualites-et-mises-a-jour\\\/#breadcrumb\"},\"inLanguage\":\"fr-FR\",\"potentialAction\":[{\"@type\":\"ReadAction\",\"target\":[\"https:\\\/\\\/veritaglobal.majortom.dev\\\/fr\\\/actualites-et-mises-a-jour\\\/\"]}]},{\"@type\":\"BreadcrumbList\",\"@id\":\"https:\\\/\\\/veritaglobal.majortom.dev\\\/fr\\\/actualites-et-mises-a-jour\\\/#breadcrumb\",\"itemListElement\":[{\"@type\":\"ListItem\",\"position\":1,\"name\":\"Accueil\",\"item\":\"https:\\\/\\\/veritaglobal.majortom.dev\\\/fr\\\/\"},{\"@type\":\"ListItem\",\"position\":2,\"name\":\"Actualit\u00e9s et Mises \u00e0 Jour\"}]},{\"@type\":\"WebSite\",\"@id\":\"https:\\\/\\\/veritaglobal.majortom.dev\\\/fr\\\/#website\",\"url\":\"https:\\\/\\\/veritaglobal.majortom.dev\\\/fr\\\/\",\"name\":\"Verita Global\",\"description\":\"\",\"potentialAction\":[{\"@type\":\"SearchAction\",\"target\":{\"@type\":\"EntryPoint\",\"urlTemplate\":\"https:\\\/\\\/veritaglobal.majortom.dev\\\/fr\\\/?s={search_term_string}\"},\"query-input\":{\"@type\":\"PropertyValueSpecification\",\"valueRequired\":true,\"valueName\":\"search_term_string\"}}],\"inLanguage\":\"fr-FR\"}]}<\/script>\n<!-- \/ Yoast SEO plugin. -->","yoast_head_json":{"title":"Verita Insights\u00a0: actualit\u00e9s du secteur juridique et mises \u00e0 jour r\u00e9volutionnaires","description":"Restez inform\u00e9 des derni\u00e8res actualit\u00e9s et mises \u00e0 jour de Verita. D\u00e9couvrez les nouveaux accomplissements, les connaissances sectorielles et comment nous fa\u00e7onnons l'avenir des services juridiques.","robots":{"index":"index","follow":"follow","max-snippet":"max-snippet:-1","max-image-preview":"max-image-preview:large","max-video-preview":"max-video-preview:-1"},"canonical":"https:\/\/veritaglobal.majortom.dev\/fr\/actualites-et-mises-a-jour\/","og_locale":"fr_FR","og_type":"article","og_title":"Verita Insights\u00a0: actualit\u00e9s du secteur juridique et mises \u00e0 jour r\u00e9volutionnaires","og_description":"Restez inform\u00e9 des derni\u00e8res actualit\u00e9s et mises \u00e0 jour de Verita. D\u00e9couvrez les nouveaux accomplissements, les connaissances sectorielles et comment nous fa\u00e7onnons l'avenir des services juridiques.","og_url":"https:\/\/veritaglobal.majortom.dev\/fr\/actualites-et-mises-a-jour\/","og_site_name":"Verita Global","article_modified_time":"2024-11-15T00:38:42+00:00","twitter_card":"summary_large_image","schema":{"@context":"https:\/\/schema.org","@graph":[{"@type":"WebPage","@id":"https:\/\/veritaglobal.majortom.dev\/fr\/actualites-et-mises-a-jour\/","url":"https:\/\/veritaglobal.majortom.dev\/fr\/actualites-et-mises-a-jour\/","name":"Verita Insights\u00a0: actualit\u00e9s du secteur juridique et mises \u00e0 jour r\u00e9volutionnaires","isPartOf":{"@id":"https:\/\/veritaglobal.majortom.dev\/fr\/#website"},"datePublished":"2024-03-27T20:40:28+00:00","dateModified":"2024-11-15T00:38:42+00:00","description":"Restez inform\u00e9 des derni\u00e8res actualit\u00e9s et mises \u00e0 jour de Verita. D\u00e9couvrez les nouveaux accomplissements, les connaissances sectorielles et comment nous fa\u00e7onnons l'avenir des services juridiques.","breadcrumb":{"@id":"https:\/\/veritaglobal.majortom.dev\/fr\/actualites-et-mises-a-jour\/#breadcrumb"},"inLanguage":"fr-FR","potentialAction":[{"@type":"ReadAction","target":["https:\/\/veritaglobal.majortom.dev\/fr\/actualites-et-mises-a-jour\/"]}]},{"@type":"BreadcrumbList","@id":"https:\/\/veritaglobal.majortom.dev\/fr\/actualites-et-mises-a-jour\/#breadcrumb","itemListElement":[{"@type":"ListItem","position":1,"name":"Accueil","item":"https:\/\/veritaglobal.majortom.dev\/fr\/"},{"@type":"ListItem","position":2,"name":"Actualit\u00e9s et Mises \u00e0 Jour"}]},{"@type":"WebSite","@id":"https:\/\/veritaglobal.majortom.dev\/fr\/#website","url":"https:\/\/veritaglobal.majortom.dev\/fr\/","name":"Verita Global","description":"","potentialAction":[{"@type":"SearchAction","target":{"@type":"EntryPoint","urlTemplate":"https:\/\/veritaglobal.majortom.dev\/fr\/?s={search_term_string}"},"query-input":{"@type":"PropertyValueSpecification","valueRequired":true,"valueName":"search_term_string"}}],"inLanguage":"fr-FR"}]}},"_links":{"self":[{"href":"https:\/\/veritaglobal.majortom.dev\/fr\/wp-json\/wp\/v2\/pages\/2952","targetHints":{"allow":["GET"]}}],"collection":[{"href":"https:\/\/veritaglobal.majortom.dev\/fr\/wp-json\/wp\/v2\/pages"}],"about":[{"href":"https:\/\/veritaglobal.majortom.dev\/fr\/wp-json\/wp\/v2\/types\/page"}],"author":[{"embeddable":true,"href":"https:\/\/veritaglobal.majortom.dev\/fr\/wp-json\/wp\/v2\/users\/1"}],"replies":[{"embeddable":true,"href":"https:\/\/veritaglobal.majortom.dev\/fr\/wp-json\/wp\/v2\/comments?post=2952"}],"version-history":[{"count":4,"href":"https:\/\/veritaglobal.majortom.dev\/fr\/wp-json\/wp\/v2\/pages\/2952\/revisions"}],"predecessor-version":[{"id":3855,"href":"https:\/\/veritaglobal.majortom.dev\/fr\/wp-json\/wp\/v2\/pages\/2952\/revisions\/3855"}],"wp:attachment":[{"href":"https:\/\/veritaglobal.majortom.dev\/fr\/wp-json\/wp\/v2\/media?parent=2952"}],"curies":[{"name":"wp","href":"https:\/\/api.w.org\/{rel}","templated":true}]}}