{"id":2986,"date":"2024-04-23T14:04:39","date_gmt":"2024-04-23T21:04:39","guid":{"rendered":"https:\/\/veritaglobal.majortom.dev\/settlement-administration-us\/"},"modified":"2025-06-03T12:35:14","modified_gmt":"2025-06-03T19:35:14","slug":"administration-des-reglements-etats-unis","status":"publish","type":"page","link":"https:\/\/veritaglobal.majortom.dev\/fr\/administration-des-reglements-etats-unis\/","title":{"rendered":"Administration des r\u00e8glements \u2013 \u00c9tats-Unis"},"content":{"rendered":"","protected":false},"excerpt":{"rendered":"","protected":false},"author":4,"featured_media":0,"parent":0,"menu_order":7,"comment_status":"closed","ping_status":"closed","template":"templates\/template-content.php","meta":{"_acf_changed":false,"footnotes":""},"class_list":["post-2986","page","type-page","status-publish","hentry"],"acf":[],"yoast_head":"<!-- This site is optimized with the Yoast SEO plugin v27.5 - https:\/\/yoast.com\/product\/yoast-seo-wordpress\/ -->\n<title>Administration des r\u00e8glements \u2013 \u00c9tats-Unis<\/title>\n<meta name=\"description\" content=\"Verita Global propose des services sp\u00e9cialis\u00e9s en administration des r\u00e8glements pour actions collectives et recours collectifs aux \u00c9tats-Unis.\" \/>\n<meta name=\"robots\" content=\"index, follow, max-snippet:-1, max-image-preview:large, max-video-preview:-1\" \/>\n<link rel=\"canonical\" href=\"https:\/\/veritaglobal.majortom.dev\/fr\/administration-des-reglements-etats-unis\/\" \/>\n<meta property=\"og:locale\" content=\"fr_FR\" \/>\n<meta property=\"og:type\" content=\"article\" \/>\n<meta property=\"og:title\" content=\"Administration des r\u00e8glements \u2013 \u00c9tats-Unis\" \/>\n<meta property=\"og:description\" content=\"Verita Global propose des services sp\u00e9cialis\u00e9s en administration des r\u00e8glements pour actions collectives et recours collectifs aux \u00c9tats-Unis.\" \/>\n<meta property=\"og:url\" content=\"https:\/\/veritaglobal.majortom.dev\/fr\/administration-des-reglements-etats-unis\/\" \/>\n<meta property=\"og:site_name\" content=\"Verita Global\" \/>\n<meta property=\"article:modified_time\" content=\"2025-06-03T19:35:14+00:00\" \/>\n<meta name=\"twitter:card\" content=\"summary_large_image\" \/>\n<script type=\"application\/ld+json\" class=\"yoast-schema-graph\">{\"@context\":\"https:\\\/\\\/schema.org\",\"@graph\":[{\"@type\":\"WebPage\",\"@id\":\"https:\\\/\\\/veritaglobal.majortom.dev\\\/fr\\\/administration-des-reglements-etats-unis\\\/\",\"url\":\"https:\\\/\\\/veritaglobal.majortom.dev\\\/fr\\\/administration-des-reglements-etats-unis\\\/\",\"name\":\"Administration des r\u00e8glements \u2013 \u00c9tats-Unis\",\"isPartOf\":{\"@id\":\"https:\\\/\\\/veritaglobal.majortom.dev\\\/fr\\\/#website\"},\"datePublished\":\"2024-04-23T21:04:39+00:00\",\"dateModified\":\"2025-06-03T19:35:14+00:00\",\"description\":\"Verita Global propose des services sp\u00e9cialis\u00e9s en administration des r\u00e8glements pour actions collectives et recours collectifs aux \u00c9tats-Unis.\",\"breadcrumb\":{\"@id\":\"https:\\\/\\\/veritaglobal.majortom.dev\\\/fr\\\/administration-des-reglements-etats-unis\\\/#breadcrumb\"},\"inLanguage\":\"fr-FR\",\"potentialAction\":[{\"@type\":\"ReadAction\",\"target\":[\"https:\\\/\\\/veritaglobal.majortom.dev\\\/fr\\\/administration-des-reglements-etats-unis\\\/\"]}]},{\"@type\":\"BreadcrumbList\",\"@id\":\"https:\\\/\\\/veritaglobal.majortom.dev\\\/fr\\\/administration-des-reglements-etats-unis\\\/#breadcrumb\",\"itemListElement\":[{\"@type\":\"ListItem\",\"position\":1,\"name\":\"Accueil\",\"item\":\"https:\\\/\\\/veritaglobal.majortom.dev\\\/fr\\\/\"},{\"@type\":\"ListItem\",\"position\":2,\"name\":\"Administration des r\u00e8glements \u2013 \u00c9tats-Unis\"}]},{\"@type\":\"WebSite\",\"@id\":\"https:\\\/\\\/veritaglobal.majortom.dev\\\/fr\\\/#website\",\"url\":\"https:\\\/\\\/veritaglobal.majortom.dev\\\/fr\\\/\",\"name\":\"Verita Global\",\"description\":\"\",\"potentialAction\":[{\"@type\":\"SearchAction\",\"target\":{\"@type\":\"EntryPoint\",\"urlTemplate\":\"https:\\\/\\\/veritaglobal.majortom.dev\\\/fr\\\/?s={search_term_string}\"},\"query-input\":{\"@type\":\"PropertyValueSpecification\",\"valueRequired\":true,\"valueName\":\"search_term_string\"}}],\"inLanguage\":\"fr-FR\"}]}<\/script>\n<!-- \/ Yoast SEO plugin. -->","yoast_head_json":{"title":"Administration des r\u00e8glements \u2013 \u00c9tats-Unis","description":"Verita Global propose des services sp\u00e9cialis\u00e9s en administration des r\u00e8glements pour actions collectives et recours collectifs aux \u00c9tats-Unis.","robots":{"index":"index","follow":"follow","max-snippet":"max-snippet:-1","max-image-preview":"max-image-preview:large","max-video-preview":"max-video-preview:-1"},"canonical":"https:\/\/veritaglobal.majortom.dev\/fr\/administration-des-reglements-etats-unis\/","og_locale":"fr_FR","og_type":"article","og_title":"Administration des r\u00e8glements \u2013 \u00c9tats-Unis","og_description":"Verita Global propose des services sp\u00e9cialis\u00e9s en administration des r\u00e8glements pour actions collectives et recours collectifs aux \u00c9tats-Unis.","og_url":"https:\/\/veritaglobal.majortom.dev\/fr\/administration-des-reglements-etats-unis\/","og_site_name":"Verita Global","article_modified_time":"2025-06-03T19:35:14+00:00","twitter_card":"summary_large_image","schema":{"@context":"https:\/\/schema.org","@graph":[{"@type":"WebPage","@id":"https:\/\/veritaglobal.majortom.dev\/fr\/administration-des-reglements-etats-unis\/","url":"https:\/\/veritaglobal.majortom.dev\/fr\/administration-des-reglements-etats-unis\/","name":"Administration des r\u00e8glements \u2013 \u00c9tats-Unis","isPartOf":{"@id":"https:\/\/veritaglobal.majortom.dev\/fr\/#website"},"datePublished":"2024-04-23T21:04:39+00:00","dateModified":"2025-06-03T19:35:14+00:00","description":"Verita Global propose des services sp\u00e9cialis\u00e9s en administration des r\u00e8glements pour actions collectives et recours collectifs aux \u00c9tats-Unis.","breadcrumb":{"@id":"https:\/\/veritaglobal.majortom.dev\/fr\/administration-des-reglements-etats-unis\/#breadcrumb"},"inLanguage":"fr-FR","potentialAction":[{"@type":"ReadAction","target":["https:\/\/veritaglobal.majortom.dev\/fr\/administration-des-reglements-etats-unis\/"]}]},{"@type":"BreadcrumbList","@id":"https:\/\/veritaglobal.majortom.dev\/fr\/administration-des-reglements-etats-unis\/#breadcrumb","itemListElement":[{"@type":"ListItem","position":1,"name":"Accueil","item":"https:\/\/veritaglobal.majortom.dev\/fr\/"},{"@type":"ListItem","position":2,"name":"Administration des r\u00e8glements \u2013 \u00c9tats-Unis"}]},{"@type":"WebSite","@id":"https:\/\/veritaglobal.majortom.dev\/fr\/#website","url":"https:\/\/veritaglobal.majortom.dev\/fr\/","name":"Verita Global","description":"","potentialAction":[{"@type":"SearchAction","target":{"@type":"EntryPoint","urlTemplate":"https:\/\/veritaglobal.majortom.dev\/fr\/?s={search_term_string}"},"query-input":{"@type":"PropertyValueSpecification","valueRequired":true,"valueName":"search_term_string"}}],"inLanguage":"fr-FR"}]}},"_links":{"self":[{"href":"https:\/\/veritaglobal.majortom.dev\/fr\/wp-json\/wp\/v2\/pages\/2986","targetHints":{"allow":["GET"]}}],"collection":[{"href":"https:\/\/veritaglobal.majortom.dev\/fr\/wp-json\/wp\/v2\/pages"}],"about":[{"href":"https:\/\/veritaglobal.majortom.dev\/fr\/wp-json\/wp\/v2\/types\/page"}],"author":[{"embeddable":true,"href":"https:\/\/veritaglobal.majortom.dev\/fr\/wp-json\/wp\/v2\/users\/4"}],"replies":[{"embeddable":true,"href":"https:\/\/veritaglobal.majortom.dev\/fr\/wp-json\/wp\/v2\/comments?post=2986"}],"version-history":[{"count":6,"href":"https:\/\/veritaglobal.majortom.dev\/fr\/wp-json\/wp\/v2\/pages\/2986\/revisions"}],"predecessor-version":[{"id":4118,"href":"https:\/\/veritaglobal.majortom.dev\/fr\/wp-json\/wp\/v2\/pages\/2986\/revisions\/4118"}],"wp:attachment":[{"href":"https:\/\/veritaglobal.majortom.dev\/fr\/wp-json\/wp\/v2\/media?parent=2986"}],"curies":[{"name":"wp","href":"https:\/\/api.w.org\/{rel}","templated":true}]}}