{"id":3205,"date":"2024-05-14T08:07:39","date_gmt":"2024-05-14T15:07:39","guid":{"rendered":"https:\/\/veritaglobal.majortom.dev\/request-a-demo\/"},"modified":"2024-11-01T15:56:45","modified_gmt":"2024-11-01T22:56:45","slug":"demander-une-demonstration","status":"publish","type":"page","link":"https:\/\/veritaglobal.majortom.dev\/fr\/demander-une-demonstration\/","title":{"rendered":"Demander une D\u00e9monstration"},"content":{"rendered":"","protected":false},"excerpt":{"rendered":"","protected":false},"author":4,"featured_media":0,"parent":0,"menu_order":23,"comment_status":"closed","ping_status":"closed","template":"templates\/template-content.php","meta":{"_acf_changed":false,"footnotes":""},"class_list":["post-3205","page","type-page","status-publish","hentry"],"acf":[],"yoast_head":"<!-- This site is optimized with the Yoast SEO plugin v27.5 - https:\/\/yoast.com\/product\/yoast-seo-wordpress\/ -->\n<title>Demander une d\u00e9mo : D\u00e9couvrez les solutions juridiques de Verita<\/title>\n<meta name=\"description\" content=\"D\u00e9couvrez les solutions juridiques de pointe de Verita en action. Demandez une d\u00e9mo et d\u00e9couvrez comment notre technologie peut rationaliser vos processus juridiques.\" \/>\n<meta name=\"robots\" content=\"index, follow, max-snippet:-1, max-image-preview:large, max-video-preview:-1\" \/>\n<link rel=\"canonical\" href=\"https:\/\/veritaglobal.majortom.dev\/fr\/demander-une-demonstration\/\" \/>\n<meta property=\"og:locale\" content=\"fr_FR\" \/>\n<meta property=\"og:type\" content=\"article\" \/>\n<meta property=\"og:title\" content=\"Demander une d\u00e9mo : D\u00e9couvrez les solutions juridiques de Verita\" \/>\n<meta property=\"og:description\" content=\"D\u00e9couvrez les solutions juridiques de pointe de Verita en action. Demandez une d\u00e9mo et d\u00e9couvrez comment notre technologie peut rationaliser vos processus juridiques.\" \/>\n<meta property=\"og:url\" content=\"https:\/\/veritaglobal.majortom.dev\/fr\/demander-une-demonstration\/\" \/>\n<meta property=\"og:site_name\" content=\"Verita Global\" \/>\n<meta property=\"article:modified_time\" content=\"2024-11-01T22:56:45+00:00\" \/>\n<meta name=\"twitter:card\" content=\"summary_large_image\" \/>\n<script type=\"application\/ld+json\" class=\"yoast-schema-graph\">{\"@context\":\"https:\\\/\\\/schema.org\",\"@graph\":[{\"@type\":\"WebPage\",\"@id\":\"https:\\\/\\\/veritaglobal.majortom.dev\\\/fr\\\/demander-une-demonstration\\\/\",\"url\":\"https:\\\/\\\/veritaglobal.majortom.dev\\\/fr\\\/demander-une-demonstration\\\/\",\"name\":\"Demander une d\u00e9mo : D\u00e9couvrez les solutions juridiques de Verita\",\"isPartOf\":{\"@id\":\"https:\\\/\\\/veritaglobal.majortom.dev\\\/fr\\\/#website\"},\"datePublished\":\"2024-05-14T15:07:39+00:00\",\"dateModified\":\"2024-11-01T22:56:45+00:00\",\"description\":\"D\u00e9couvrez les solutions juridiques de pointe de Verita en action. Demandez une d\u00e9mo et d\u00e9couvrez comment notre technologie peut rationaliser vos processus juridiques.\",\"breadcrumb\":{\"@id\":\"https:\\\/\\\/veritaglobal.majortom.dev\\\/fr\\\/demander-une-demonstration\\\/#breadcrumb\"},\"inLanguage\":\"fr-FR\",\"potentialAction\":[{\"@type\":\"ReadAction\",\"target\":[\"https:\\\/\\\/veritaglobal.majortom.dev\\\/fr\\\/demander-une-demonstration\\\/\"]}]},{\"@type\":\"BreadcrumbList\",\"@id\":\"https:\\\/\\\/veritaglobal.majortom.dev\\\/fr\\\/demander-une-demonstration\\\/#breadcrumb\",\"itemListElement\":[{\"@type\":\"ListItem\",\"position\":1,\"name\":\"Accueil\",\"item\":\"https:\\\/\\\/veritaglobal.majortom.dev\\\/fr\\\/\"},{\"@type\":\"ListItem\",\"position\":2,\"name\":\"Demander une D\u00e9monstration\"}]},{\"@type\":\"WebSite\",\"@id\":\"https:\\\/\\\/veritaglobal.majortom.dev\\\/fr\\\/#website\",\"url\":\"https:\\\/\\\/veritaglobal.majortom.dev\\\/fr\\\/\",\"name\":\"Verita Global\",\"description\":\"\",\"potentialAction\":[{\"@type\":\"SearchAction\",\"target\":{\"@type\":\"EntryPoint\",\"urlTemplate\":\"https:\\\/\\\/veritaglobal.majortom.dev\\\/fr\\\/?s={search_term_string}\"},\"query-input\":{\"@type\":\"PropertyValueSpecification\",\"valueRequired\":true,\"valueName\":\"search_term_string\"}}],\"inLanguage\":\"fr-FR\"}]}<\/script>\n<!-- \/ Yoast SEO plugin. -->","yoast_head_json":{"title":"Demander une d\u00e9mo : D\u00e9couvrez les solutions juridiques de Verita","description":"D\u00e9couvrez les solutions juridiques de pointe de Verita en action. Demandez une d\u00e9mo et d\u00e9couvrez comment notre technologie peut rationaliser vos processus juridiques.","robots":{"index":"index","follow":"follow","max-snippet":"max-snippet:-1","max-image-preview":"max-image-preview:large","max-video-preview":"max-video-preview:-1"},"canonical":"https:\/\/veritaglobal.majortom.dev\/fr\/demander-une-demonstration\/","og_locale":"fr_FR","og_type":"article","og_title":"Demander une d\u00e9mo : D\u00e9couvrez les solutions juridiques de Verita","og_description":"D\u00e9couvrez les solutions juridiques de pointe de Verita en action. Demandez une d\u00e9mo et d\u00e9couvrez comment notre technologie peut rationaliser vos processus juridiques.","og_url":"https:\/\/veritaglobal.majortom.dev\/fr\/demander-une-demonstration\/","og_site_name":"Verita Global","article_modified_time":"2024-11-01T22:56:45+00:00","twitter_card":"summary_large_image","schema":{"@context":"https:\/\/schema.org","@graph":[{"@type":"WebPage","@id":"https:\/\/veritaglobal.majortom.dev\/fr\/demander-une-demonstration\/","url":"https:\/\/veritaglobal.majortom.dev\/fr\/demander-une-demonstration\/","name":"Demander une d\u00e9mo : D\u00e9couvrez les solutions juridiques de Verita","isPartOf":{"@id":"https:\/\/veritaglobal.majortom.dev\/fr\/#website"},"datePublished":"2024-05-14T15:07:39+00:00","dateModified":"2024-11-01T22:56:45+00:00","description":"D\u00e9couvrez les solutions juridiques de pointe de Verita en action. Demandez une d\u00e9mo et d\u00e9couvrez comment notre technologie peut rationaliser vos processus juridiques.","breadcrumb":{"@id":"https:\/\/veritaglobal.majortom.dev\/fr\/demander-une-demonstration\/#breadcrumb"},"inLanguage":"fr-FR","potentialAction":[{"@type":"ReadAction","target":["https:\/\/veritaglobal.majortom.dev\/fr\/demander-une-demonstration\/"]}]},{"@type":"BreadcrumbList","@id":"https:\/\/veritaglobal.majortom.dev\/fr\/demander-une-demonstration\/#breadcrumb","itemListElement":[{"@type":"ListItem","position":1,"name":"Accueil","item":"https:\/\/veritaglobal.majortom.dev\/fr\/"},{"@type":"ListItem","position":2,"name":"Demander une D\u00e9monstration"}]},{"@type":"WebSite","@id":"https:\/\/veritaglobal.majortom.dev\/fr\/#website","url":"https:\/\/veritaglobal.majortom.dev\/fr\/","name":"Verita Global","description":"","potentialAction":[{"@type":"SearchAction","target":{"@type":"EntryPoint","urlTemplate":"https:\/\/veritaglobal.majortom.dev\/fr\/?s={search_term_string}"},"query-input":{"@type":"PropertyValueSpecification","valueRequired":true,"valueName":"search_term_string"}}],"inLanguage":"fr-FR"}]}},"_links":{"self":[{"href":"https:\/\/veritaglobal.majortom.dev\/fr\/wp-json\/wp\/v2\/pages\/3205","targetHints":{"allow":["GET"]}}],"collection":[{"href":"https:\/\/veritaglobal.majortom.dev\/fr\/wp-json\/wp\/v2\/pages"}],"about":[{"href":"https:\/\/veritaglobal.majortom.dev\/fr\/wp-json\/wp\/v2\/types\/page"}],"author":[{"embeddable":true,"href":"https:\/\/veritaglobal.majortom.dev\/fr\/wp-json\/wp\/v2\/users\/4"}],"replies":[{"embeddable":true,"href":"https:\/\/veritaglobal.majortom.dev\/fr\/wp-json\/wp\/v2\/comments?post=3205"}],"version-history":[{"count":2,"href":"https:\/\/veritaglobal.majortom.dev\/fr\/wp-json\/wp\/v2\/pages\/3205\/revisions"}],"predecessor-version":[{"id":3302,"href":"https:\/\/veritaglobal.majortom.dev\/fr\/wp-json\/wp\/v2\/pages\/3205\/revisions\/3302"}],"wp:attachment":[{"href":"https:\/\/veritaglobal.majortom.dev\/fr\/wp-json\/wp\/v2\/media?parent=3205"}],"curies":[{"name":"wp","href":"https:\/\/api.w.org\/{rel}","templated":true}]}}