{"id":3208,"date":"2024-03-12T18:41:16","date_gmt":"2024-03-13T01:41:16","guid":{"rendered":"https:\/\/veritaglobal.majortom.dev\/contact-us\/"},"modified":"2024-11-05T09:04:47","modified_gmt":"2024-11-05T17:04:47","slug":"contactez-nous","status":"publish","type":"page","link":"https:\/\/veritaglobal.majortom.dev\/fr\/contactez-nous\/","title":{"rendered":"Contactez-nous"},"content":{"rendered":"","protected":false},"excerpt":{"rendered":"","protected":false},"author":1,"featured_media":0,"parent":0,"menu_order":21,"comment_status":"closed","ping_status":"closed","template":"templates\/template-content.php","meta":{"_acf_changed":false,"footnotes":""},"class_list":["post-3208","page","type-page","status-publish","hentry"],"acf":[],"yoast_head":"<!-- This site is optimized with the Yoast SEO plugin v27.5 - https:\/\/yoast.com\/product\/yoast-seo-wordpress\/ -->\n<title>Entrez en contact avec Verita\u00a0: votre partenaire en mati\u00e8re d&#039;excellence juridique<\/title>\n<meta name=\"description\" content=\"Pr\u00eat \u00e0 rehausser vos engagements juridiques et administratifs ? Contactez Verita d\u00e8s aujourd&#039;hui pour b\u00e9n\u00e9ficier d&#039;une expertise in\u00e9gal\u00e9e et de solutions innovantes adapt\u00e9es \u00e0 vos besoins.\" \/>\n<meta name=\"robots\" content=\"index, follow, max-snippet:-1, max-image-preview:large, max-video-preview:-1\" \/>\n<link rel=\"canonical\" href=\"https:\/\/veritaglobal.majortom.dev\/fr\/contactez-nous\/\" \/>\n<meta property=\"og:locale\" content=\"fr_FR\" \/>\n<meta property=\"og:type\" content=\"article\" \/>\n<meta property=\"og:title\" content=\"Entrez en contact avec Verita\u00a0: votre partenaire en mati\u00e8re d&#039;excellence juridique\" \/>\n<meta property=\"og:description\" content=\"Pr\u00eat \u00e0 rehausser vos engagements juridiques et administratifs ? Contactez Verita d\u00e8s aujourd&#039;hui pour b\u00e9n\u00e9ficier d&#039;une expertise in\u00e9gal\u00e9e et de solutions innovantes adapt\u00e9es \u00e0 vos besoins.\" \/>\n<meta property=\"og:url\" content=\"https:\/\/veritaglobal.majortom.dev\/fr\/contactez-nous\/\" \/>\n<meta property=\"og:site_name\" content=\"Verita Global\" \/>\n<meta property=\"article:modified_time\" content=\"2024-11-05T17:04:47+00:00\" \/>\n<meta name=\"twitter:card\" content=\"summary_large_image\" \/>\n<script type=\"application\/ld+json\" class=\"yoast-schema-graph\">{\"@context\":\"https:\\\/\\\/schema.org\",\"@graph\":[{\"@type\":\"WebPage\",\"@id\":\"https:\\\/\\\/veritaglobal.majortom.dev\\\/fr\\\/contactez-nous\\\/\",\"url\":\"https:\\\/\\\/veritaglobal.majortom.dev\\\/fr\\\/contactez-nous\\\/\",\"name\":\"Entrez en contact avec Verita\u00a0: votre partenaire en mati\u00e8re d'excellence juridique\",\"isPartOf\":{\"@id\":\"https:\\\/\\\/veritaglobal.majortom.dev\\\/fr\\\/#website\"},\"datePublished\":\"2024-03-13T01:41:16+00:00\",\"dateModified\":\"2024-11-05T17:04:47+00:00\",\"description\":\"Pr\u00eat \u00e0 rehausser vos engagements juridiques et administratifs ? Contactez Verita d\u00e8s aujourd'hui pour b\u00e9n\u00e9ficier d'une expertise in\u00e9gal\u00e9e et de solutions innovantes adapt\u00e9es \u00e0 vos besoins.\",\"breadcrumb\":{\"@id\":\"https:\\\/\\\/veritaglobal.majortom.dev\\\/fr\\\/contactez-nous\\\/#breadcrumb\"},\"inLanguage\":\"fr-FR\",\"potentialAction\":[{\"@type\":\"ReadAction\",\"target\":[\"https:\\\/\\\/veritaglobal.majortom.dev\\\/fr\\\/contactez-nous\\\/\"]}]},{\"@type\":\"BreadcrumbList\",\"@id\":\"https:\\\/\\\/veritaglobal.majortom.dev\\\/fr\\\/contactez-nous\\\/#breadcrumb\",\"itemListElement\":[{\"@type\":\"ListItem\",\"position\":1,\"name\":\"Accueil\",\"item\":\"https:\\\/\\\/veritaglobal.majortom.dev\\\/fr\\\/\"},{\"@type\":\"ListItem\",\"position\":2,\"name\":\"Contactez-nous\"}]},{\"@type\":\"WebSite\",\"@id\":\"https:\\\/\\\/veritaglobal.majortom.dev\\\/fr\\\/#website\",\"url\":\"https:\\\/\\\/veritaglobal.majortom.dev\\\/fr\\\/\",\"name\":\"Verita Global\",\"description\":\"\",\"potentialAction\":[{\"@type\":\"SearchAction\",\"target\":{\"@type\":\"EntryPoint\",\"urlTemplate\":\"https:\\\/\\\/veritaglobal.majortom.dev\\\/fr\\\/?s={search_term_string}\"},\"query-input\":{\"@type\":\"PropertyValueSpecification\",\"valueRequired\":true,\"valueName\":\"search_term_string\"}}],\"inLanguage\":\"fr-FR\"}]}<\/script>\n<!-- \/ Yoast SEO plugin. -->","yoast_head_json":{"title":"Entrez en contact avec Verita\u00a0: votre partenaire en mati\u00e8re d'excellence juridique","description":"Pr\u00eat \u00e0 rehausser vos engagements juridiques et administratifs ? Contactez Verita d\u00e8s aujourd'hui pour b\u00e9n\u00e9ficier d'une expertise in\u00e9gal\u00e9e et de solutions innovantes adapt\u00e9es \u00e0 vos besoins.","robots":{"index":"index","follow":"follow","max-snippet":"max-snippet:-1","max-image-preview":"max-image-preview:large","max-video-preview":"max-video-preview:-1"},"canonical":"https:\/\/veritaglobal.majortom.dev\/fr\/contactez-nous\/","og_locale":"fr_FR","og_type":"article","og_title":"Entrez en contact avec Verita\u00a0: votre partenaire en mati\u00e8re d'excellence juridique","og_description":"Pr\u00eat \u00e0 rehausser vos engagements juridiques et administratifs ? Contactez Verita d\u00e8s aujourd'hui pour b\u00e9n\u00e9ficier d'une expertise in\u00e9gal\u00e9e et de solutions innovantes adapt\u00e9es \u00e0 vos besoins.","og_url":"https:\/\/veritaglobal.majortom.dev\/fr\/contactez-nous\/","og_site_name":"Verita Global","article_modified_time":"2024-11-05T17:04:47+00:00","twitter_card":"summary_large_image","schema":{"@context":"https:\/\/schema.org","@graph":[{"@type":"WebPage","@id":"https:\/\/veritaglobal.majortom.dev\/fr\/contactez-nous\/","url":"https:\/\/veritaglobal.majortom.dev\/fr\/contactez-nous\/","name":"Entrez en contact avec Verita\u00a0: votre partenaire en mati\u00e8re d'excellence juridique","isPartOf":{"@id":"https:\/\/veritaglobal.majortom.dev\/fr\/#website"},"datePublished":"2024-03-13T01:41:16+00:00","dateModified":"2024-11-05T17:04:47+00:00","description":"Pr\u00eat \u00e0 rehausser vos engagements juridiques et administratifs ? Contactez Verita d\u00e8s aujourd'hui pour b\u00e9n\u00e9ficier d'une expertise in\u00e9gal\u00e9e et de solutions innovantes adapt\u00e9es \u00e0 vos besoins.","breadcrumb":{"@id":"https:\/\/veritaglobal.majortom.dev\/fr\/contactez-nous\/#breadcrumb"},"inLanguage":"fr-FR","potentialAction":[{"@type":"ReadAction","target":["https:\/\/veritaglobal.majortom.dev\/fr\/contactez-nous\/"]}]},{"@type":"BreadcrumbList","@id":"https:\/\/veritaglobal.majortom.dev\/fr\/contactez-nous\/#breadcrumb","itemListElement":[{"@type":"ListItem","position":1,"name":"Accueil","item":"https:\/\/veritaglobal.majortom.dev\/fr\/"},{"@type":"ListItem","position":2,"name":"Contactez-nous"}]},{"@type":"WebSite","@id":"https:\/\/veritaglobal.majortom.dev\/fr\/#website","url":"https:\/\/veritaglobal.majortom.dev\/fr\/","name":"Verita Global","description":"","potentialAction":[{"@type":"SearchAction","target":{"@type":"EntryPoint","urlTemplate":"https:\/\/veritaglobal.majortom.dev\/fr\/?s={search_term_string}"},"query-input":{"@type":"PropertyValueSpecification","valueRequired":true,"valueName":"search_term_string"}}],"inLanguage":"fr-FR"}]}},"_links":{"self":[{"href":"https:\/\/veritaglobal.majortom.dev\/fr\/wp-json\/wp\/v2\/pages\/3208","targetHints":{"allow":["GET"]}}],"collection":[{"href":"https:\/\/veritaglobal.majortom.dev\/fr\/wp-json\/wp\/v2\/pages"}],"about":[{"href":"https:\/\/veritaglobal.majortom.dev\/fr\/wp-json\/wp\/v2\/types\/page"}],"author":[{"embeddable":true,"href":"https:\/\/veritaglobal.majortom.dev\/fr\/wp-json\/wp\/v2\/users\/1"}],"replies":[{"embeddable":true,"href":"https:\/\/veritaglobal.majortom.dev\/fr\/wp-json\/wp\/v2\/comments?post=3208"}],"version-history":[{"count":2,"href":"https:\/\/veritaglobal.majortom.dev\/fr\/wp-json\/wp\/v2\/pages\/3208\/revisions"}],"predecessor-version":[{"id":3713,"href":"https:\/\/veritaglobal.majortom.dev\/fr\/wp-json\/wp\/v2\/pages\/3208\/revisions\/3713"}],"wp:attachment":[{"href":"https:\/\/veritaglobal.majortom.dev\/fr\/wp-json\/wp\/v2\/media?parent=3208"}],"curies":[{"name":"wp","href":"https:\/\/api.w.org\/{rel}","templated":true}]}}