{"id":3250,"date":"2024-04-15T09:11:19","date_gmt":"2024-04-15T16:11:19","guid":{"rendered":"https:\/\/veritaglobal.majortom.dev\/terms-conditions\/"},"modified":"2024-11-05T08:35:00","modified_gmt":"2024-11-05T16:35:00","slug":"termes-et-conditions","status":"publish","type":"page","link":"https:\/\/veritaglobal.majortom.dev\/fr\/termes-et-conditions\/","title":{"rendered":"Termes et Conditions"},"content":{"rendered":"<p>Bienvenue sur le site internet de Verita Global, LLC (avec ses soci\u00e9t\u00e9s affili\u00e9es, \u00ab Verita \u00bb). Veuillez consulter les conditions g\u00e9n\u00e9rales suivantes r\u00e9gissant votre utilisation de ce site internet. En utilisant ce site, y compris en acc\u00e9dant ou en t\u00e9l\u00e9chargeant tout contenu \u00e0 partir de ce site internet, vous acceptez d\u2019adh\u00e9rer et d\u2019\u00eatre li\u00e9 par les termes et conditions ci-apr\u00e8s. Verita se r\u00e9serve le droit de modifier ces conditions g\u00e9n\u00e9rales \u00e0 tout moment. En utilisant ce site internet apr\u00e8s que Verita a publi\u00e9 des modifications aux conditions g\u00e9n\u00e9rales, vous acceptez ces changements m\u00eame si vous n\u2019avez pas examin\u00e9 ces modifications. L\u2019incapacit\u00e9 de Verita \u00e0 insister sur le strict respect de l\u2019une des conditions du pr\u00e9sent Contrat ne doit pas \u00eatre interpr\u00e9t\u00e9 comme une renonciation \u00e0 tout manquement ult\u00e9rieur \u00e0 cette condition ou prestation.<\/p>\n<p>En utilisant ce site internet, vous acceptez \u00e9galement les conditions de la D\u00e9claration de confidentialit\u00e9 de Verita concernant l\u2019utilisation et le traitement des informations personnelles, ainsi que toutes les autres conditions qui peuvent \u00eatre \u00e9nonc\u00e9es sur ce site concernant la collecte d\u2019informations personnelles. Vous acceptez en outre qu\u2019en utilisant ce site, vos droits et obligations, ainsi que les droits et obligations de Verita, soient r\u00e9gis, \u00e0 la seule discr\u00e9tion de Verita, par les lois de l\u2019\u00c9tat de Californie.<\/p>\n<p>Ces conditions repr\u00e9sentent l\u2019int\u00e9gralit\u00e9 de l\u2019entente concernant l\u2019utilisation du site internet et pr\u00e9valent sur toutes communications ant\u00e9rieures ou contemporaines, conflictuelles ou suppl\u00e9mentaires. Si vous n\u2019\u00eates pas d\u2019accord avec ces termes et conditions, veuillez ne pas utiliser ce site internet. Veuillez noter que Verita se r\u00e9serve n\u2019importe quels droits pas explicitement attribu\u00e9s dans la pr\u00e9sente d\u00e9claration.<\/p>\n<p><strong>Propri\u00e9t\u00e9 intellectuelle et restrictions d\u2019utilisation<\/strong><br \/>\nTous les contenus et toutes les ressources de ce site internet (les \u00ab ressources \u00bb), y compris, mais sans s\u2019y limiter, les informations, documents, produits, logos, graphiques, sons, images, logiciels et services, sont prot\u00e9g\u00e9s par le droit d\u2019auteur ou d\u2019autres lois sur la propri\u00e9t\u00e9 intellectuelle. \u00c0 l\u2019exception de ce qui est indiqu\u00e9 dans la pr\u00e9sente d\u00e9claration, aucune des ressources de ce site internet ne peut \u00eatre copi\u00e9e, reproduite, distribu\u00e9e, republi\u00e9e, t\u00e9l\u00e9charg\u00e9e, affich\u00e9e ou transmise sous quelque forme ou moyen que ce soit, y compris, mais sans s\u2019y limiter, \u00e9lectronique, m\u00e9canique, photocopie, enregistrement ou autres fa\u00e7ons, sans l\u2019autorisation \u00e9crite expresse pr\u00e9alable de Verita. Les utilisateurs ne peuvent pas modifier, copier, distribuer, transmettre, afficher, publier, vendre, conc\u00e9der sous licence, cr\u00e9er des \u0153uvres d\u00e9riv\u00e9es ou utiliser de toute autre mani\u00e8re n\u2019importe quelle information disponible sur ce site internet \u00e0 des fins publiques ou commerciales. Vous devez avoir l\u2019autorisation \u00e9crite de Verita pour distribuer des copies des informations. L\u2019utilisation non autoris\u00e9e des ressources peut violer les lois sur les droits d\u2019auteur, les marques d\u00e9pos\u00e9es et d\u2019autres lois sur la propri\u00e9t\u00e9 intellectuelle. Verita, le logo Verita et\/ou les autres produits Verita mentionn\u00e9s dans la pr\u00e9sente d\u00e9claration sont des marques commerciales de Verita et peuvent \u00eatre d\u00e9pos\u00e9s dans certaines juridictions. Tous les autres noms de produits, noms de soci\u00e9t\u00e9s, marques, logos et symboles peuvent \u00eatre des marques d\u00e9pos\u00e9es de leurs propri\u00e9taires respectifs.<\/p>\n<p><strong>Clause de non-responsabilit\u00e9 concernant les informations sur le site internet de Verita<\/strong><br \/>\nVerita ne garantit pas que les donn\u00e9es fournies dans la pr\u00e9sente d\u00e9claration soient pr\u00e9cises, compl\u00e8tes ou \u00e0 jour, et ne sera pas responsable envers vous de toute perte ou pr\u00e9judice r\u00e9sultant de, ou caus\u00e9e, totalement ou partiellement, par les actes, erreurs ou omissions de Verita, qu\u2019ils soient n\u00e9gligents ou autres, lors de l\u2019acquisition, de la compilation, de la collecte, du formatage, de l\u2019interpr\u00e9tation, du signalement, de la communication ou de la livraison d\u2019informations contenues dans ce site internet. Les informations sur ce site internet sont fournies \u00ab en l\u2019\u00e9tat \u00bb et Verita d\u00e9cline toutes d\u00e9clarations expresses ou implicites, attestations, garanties, y compris, mais sans s\u2019y limiter, toutes garanties implicites ou conditions de commercialisations, d\u2019ad\u00e9quation \u00e0 un usage particulier, de titre et de Non-contrefa\u00e7on, sauf dans la mesure o\u00f9 ces clauses de non-responsabilit\u00e9 sont jug\u00e9es juridiquement invalides. Verita ne s\u2019engage pas \u00e0 mettre \u00e0 jour, modifier, r\u00e9viser ou r\u00e9organiser les informations fournies dans la pr\u00e9sente d\u00e9claration, ni \u00e0 vous informer, vous ou un tiers, si les informations sont mises \u00e0 jour, modifi\u00e9es, r\u00e9vis\u00e9es ou r\u00e9organis\u00e9es.<\/p>\n<p>Le courrier \u00e9lectronique ou les autres communications faites par l\u2019interm\u00e9diaire de ce site internet ou autrement, \u00e0 n&rsquo;importe quelle partie d\u2019un r\u00e8glement d\u2019un recours collectif, ou d\u2019une restructuration, \u00e0 leurs avocats ou \u00e0 Verita, en lien avec ces sujets ou d\u2019autres sujets, ne seront pas trait\u00e9s comme privil\u00e9gi\u00e9s ou confidentiels. La transmission et la r\u00e9ception des informations sur ce site internet et les communications avec les parties et\/ou leurs avocats par courriel ne visent pas \u00e0 solliciter ou \u00e0 cr\u00e9er, et ne cr\u00e9ent pas, une relation avocat-client entre les avocats et toute personne ou entit\u00e9. Les parties et Verita n\u2019approuvent pas, ni ne garantissent, et ne sont pas responsables, du contenu de n\u2019importe quel tiers auquel il est possible d\u2019acc\u00e9der \u00e0 partir de ce site internet.<\/p>\n<p><strong>Limitation de responsabilit\u00e9<\/strong><br \/>\nEn aucun cas, Verita ne sera responsable envers vous ou un tiers de tout dommage direct, indirect, fortuit, dommages corr\u00e9latives ou sp\u00e9ciaux (y compris, mais sans s\u2019y limiter, les dommages r\u00e9sultant du rejet d\u2019une r\u00e9clamation potentielle contre un client de Verita ou les dommages \u00e0 la r\u00e9putation de l\u2019entreprise, la perte d\u2019activit\u00e9 ou la perte de profits), qu\u2019ils soient pr\u00e9visibles ou impr\u00e9visibles et quelle qu\u2019en soit la cause, m\u00eame si Verita est inform\u00e9e de la possibilit\u00e9 de tels dommages. Vous \u00eates seul responsable de la protection et de la sauvegarde ad\u00e9quates des donn\u00e9es et de l\u2019\u00e9quipement utilis\u00e9s en relation avec le site internet et vous ne ferez aucune r\u00e9clamation contre Verita pour la perte de donn\u00e9es, le temps de r\u00e9ex\u00e9cution, un rendement impr\u00e9cis, les retards de travail ou la perte de profits r\u00e9sultant de l\u2019utilisation du mat\u00e9riel fourni sur ce site internet. Vous acceptez de d\u00e9gager Verita de toute responsabilit\u00e9 et vous vous engagez \u00e0 ne pas poursuivre Verita pour toute r\u00e9clamation bas\u00e9e sur, ou li\u00e9e, \u00e0 l\u2019utilisation du site internet.<\/p>\n<p><strong>Liens pour les sites internet tiers<\/strong><br \/>\nLes sites internet de Verita peuvent contenir des hyperliens vers d\u2019autres sites internet. Une telle inclusion n\u2019implique pas que Verita approuve ou accepte la responsabilit\u00e9 du contenu ou de l\u2019utilisation d\u2019un site internet tiers. Ces liens sont fournis uniquement \u00e0 titre informatif. Verita ne garantit pas le contenu, l\u2019exactitude ou l\u2019exhaustivit\u00e9 des informations ou des donn\u00e9es sur un site internet tiers. Verita ne sera en aucun cas responsable envers vous des retards, inexactitudes, erreurs ou omissions de toute information ou donn\u00e9e ou de leur transmission. L\u2019utilisation d\u2019un site internet tiers peut \u00eatre soumise \u00e0 une d\u00e9claration de confidentialit\u00e9, \u00e0 des conditions d\u2019utilisation, \u00e0 une clause de non-responsabilit\u00e9 ou \u00e0 des conditions juridiques similaires qui peuvent diff\u00e9rer consid\u00e9rablement de celles \u00e9num\u00e9r\u00e9es sur le site internet de Verita.<\/p>\n<p><strong>Aucun conseil professionnel ou juridique<\/strong><br \/>\nVerita n\u2019a pas pour activit\u00e9 de fournir des conseils professionnels ou juridiques a l\u2019\u00e9gard ce service de site internet et ce service ne doit pas \u00eatre consid\u00e9r\u00e9 comme un substitut \u00e0 des conseils financiers, juridiques ou autres conseils professionnels. Toute confiance dans les informations contenues sur ce site internet est enti\u00e8rement \u00e0 vos risques<\/p>\n<p>Si vous avez des questions, veuillez contacter le service juridique de Verita au legal@veritaglobal.com.<\/p>\n<p><strong>Soci\u00e9t\u00e9s affili\u00e9es assujetties aux pr\u00e9sentes conditions d\u2019utilisation<\/strong><\/p>\n<p>KCC Class Action Services, LLC<br \/>\nKurtzman Carson Consultants LLC<br \/>\nGilardi &amp; Co., LLC<br \/>\nRicePoint Administration Inc.<\/p>\n","protected":false},"excerpt":{"rendered":"<p>Bienvenue sur le site internet de Verita Global, LLC (avec ses soci\u00e9t\u00e9s affili\u00e9es, \u00ab Verita \u00bb). Veuillez consulter les conditions g\u00e9n\u00e9rales suivantes r\u00e9gissant votre utilisation de ce site internet. En utilisant ce site, y compris en acc\u00e9dant ou en t\u00e9l\u00e9chargeant tout contenu \u00e0 partir de ce site internet, vous acceptez d\u2019adh\u00e9rer et d\u2019\u00eatre li\u00e9 par [&hellip;]<\/p>\n","protected":false},"author":1,"featured_media":0,"parent":0,"menu_order":2,"comment_status":"closed","ping_status":"closed","template":"","meta":{"_acf_changed":false,"footnotes":""},"class_list":["post-3250","page","type-page","status-publish","hentry"],"acf":[],"yoast_head":"<!-- This site is optimized with the Yoast SEO plugin v27.5 - https:\/\/yoast.com\/product\/yoast-seo-wordpress\/ -->\n<title>Termes et Conditions | Verita Global<\/title>\n<meta name=\"description\" content=\"Termes et Conditions I Verita Global\" \/>\n<meta name=\"robots\" content=\"index, follow, max-snippet:-1, max-image-preview:large, max-video-preview:-1\" \/>\n<link rel=\"canonical\" href=\"https:\/\/veritaglobal.majortom.dev\/fr\/termes-et-conditions\/\" \/>\n<meta property=\"og:locale\" content=\"fr_FR\" \/>\n<meta property=\"og:type\" content=\"article\" \/>\n<meta property=\"og:title\" content=\"Termes et Conditions | Verita Global\" \/>\n<meta property=\"og:description\" content=\"Termes et Conditions I Verita Global\" \/>\n<meta property=\"og:url\" content=\"https:\/\/veritaglobal.majortom.dev\/fr\/termes-et-conditions\/\" \/>\n<meta property=\"og:site_name\" content=\"Verita Global\" \/>\n<meta property=\"article:modified_time\" content=\"2024-11-05T16:35:00+00:00\" \/>\n<meta name=\"twitter:card\" content=\"summary_large_image\" \/>\n<meta name=\"twitter:label1\" content=\"Dur\u00e9e de lecture estim\u00e9e\" \/>\n\t<meta name=\"twitter:data1\" content=\"6 minutes\" \/>\n<script type=\"application\/ld+json\" class=\"yoast-schema-graph\">{\"@context\":\"https:\\\/\\\/schema.org\",\"@graph\":[{\"@type\":\"WebPage\",\"@id\":\"https:\\\/\\\/veritaglobal.majortom.dev\\\/fr\\\/termes-et-conditions\\\/\",\"url\":\"https:\\\/\\\/veritaglobal.majortom.dev\\\/fr\\\/termes-et-conditions\\\/\",\"name\":\"Termes et Conditions | Verita Global\",\"isPartOf\":{\"@id\":\"https:\\\/\\\/veritaglobal.majortom.dev\\\/fr\\\/#website\"},\"datePublished\":\"2024-04-15T16:11:19+00:00\",\"dateModified\":\"2024-11-05T16:35:00+00:00\",\"description\":\"Termes et Conditions I Verita Global\",\"breadcrumb\":{\"@id\":\"https:\\\/\\\/veritaglobal.majortom.dev\\\/fr\\\/termes-et-conditions\\\/#breadcrumb\"},\"inLanguage\":\"fr-FR\",\"potentialAction\":[{\"@type\":\"ReadAction\",\"target\":[\"https:\\\/\\\/veritaglobal.majortom.dev\\\/fr\\\/termes-et-conditions\\\/\"]}]},{\"@type\":\"BreadcrumbList\",\"@id\":\"https:\\\/\\\/veritaglobal.majortom.dev\\\/fr\\\/termes-et-conditions\\\/#breadcrumb\",\"itemListElement\":[{\"@type\":\"ListItem\",\"position\":1,\"name\":\"Accueil\",\"item\":\"https:\\\/\\\/veritaglobal.majortom.dev\\\/fr\\\/\"},{\"@type\":\"ListItem\",\"position\":2,\"name\":\"Termes et Conditions\"}]},{\"@type\":\"WebSite\",\"@id\":\"https:\\\/\\\/veritaglobal.majortom.dev\\\/fr\\\/#website\",\"url\":\"https:\\\/\\\/veritaglobal.majortom.dev\\\/fr\\\/\",\"name\":\"Verita Global\",\"description\":\"\",\"potentialAction\":[{\"@type\":\"SearchAction\",\"target\":{\"@type\":\"EntryPoint\",\"urlTemplate\":\"https:\\\/\\\/veritaglobal.majortom.dev\\\/fr\\\/?s={search_term_string}\"},\"query-input\":{\"@type\":\"PropertyValueSpecification\",\"valueRequired\":true,\"valueName\":\"search_term_string\"}}],\"inLanguage\":\"fr-FR\"}]}<\/script>\n<!-- \/ Yoast SEO plugin. -->","yoast_head_json":{"title":"Termes et Conditions | Verita Global","description":"Termes et Conditions I Verita Global","robots":{"index":"index","follow":"follow","max-snippet":"max-snippet:-1","max-image-preview":"max-image-preview:large","max-video-preview":"max-video-preview:-1"},"canonical":"https:\/\/veritaglobal.majortom.dev\/fr\/termes-et-conditions\/","og_locale":"fr_FR","og_type":"article","og_title":"Termes et Conditions | Verita Global","og_description":"Termes et Conditions I Verita Global","og_url":"https:\/\/veritaglobal.majortom.dev\/fr\/termes-et-conditions\/","og_site_name":"Verita Global","article_modified_time":"2024-11-05T16:35:00+00:00","twitter_card":"summary_large_image","twitter_misc":{"Dur\u00e9e de lecture estim\u00e9e":"6 minutes"},"schema":{"@context":"https:\/\/schema.org","@graph":[{"@type":"WebPage","@id":"https:\/\/veritaglobal.majortom.dev\/fr\/termes-et-conditions\/","url":"https:\/\/veritaglobal.majortom.dev\/fr\/termes-et-conditions\/","name":"Termes et Conditions | Verita Global","isPartOf":{"@id":"https:\/\/veritaglobal.majortom.dev\/fr\/#website"},"datePublished":"2024-04-15T16:11:19+00:00","dateModified":"2024-11-05T16:35:00+00:00","description":"Termes et Conditions I Verita Global","breadcrumb":{"@id":"https:\/\/veritaglobal.majortom.dev\/fr\/termes-et-conditions\/#breadcrumb"},"inLanguage":"fr-FR","potentialAction":[{"@type":"ReadAction","target":["https:\/\/veritaglobal.majortom.dev\/fr\/termes-et-conditions\/"]}]},{"@type":"BreadcrumbList","@id":"https:\/\/veritaglobal.majortom.dev\/fr\/termes-et-conditions\/#breadcrumb","itemListElement":[{"@type":"ListItem","position":1,"name":"Accueil","item":"https:\/\/veritaglobal.majortom.dev\/fr\/"},{"@type":"ListItem","position":2,"name":"Termes et Conditions"}]},{"@type":"WebSite","@id":"https:\/\/veritaglobal.majortom.dev\/fr\/#website","url":"https:\/\/veritaglobal.majortom.dev\/fr\/","name":"Verita Global","description":"","potentialAction":[{"@type":"SearchAction","target":{"@type":"EntryPoint","urlTemplate":"https:\/\/veritaglobal.majortom.dev\/fr\/?s={search_term_string}"},"query-input":{"@type":"PropertyValueSpecification","valueRequired":true,"valueName":"search_term_string"}}],"inLanguage":"fr-FR"}]}},"_links":{"self":[{"href":"https:\/\/veritaglobal.majortom.dev\/fr\/wp-json\/wp\/v2\/pages\/3250","targetHints":{"allow":["GET"]}}],"collection":[{"href":"https:\/\/veritaglobal.majortom.dev\/fr\/wp-json\/wp\/v2\/pages"}],"about":[{"href":"https:\/\/veritaglobal.majortom.dev\/fr\/wp-json\/wp\/v2\/types\/page"}],"author":[{"embeddable":true,"href":"https:\/\/veritaglobal.majortom.dev\/fr\/wp-json\/wp\/v2\/users\/1"}],"replies":[{"embeddable":true,"href":"https:\/\/veritaglobal.majortom.dev\/fr\/wp-json\/wp\/v2\/comments?post=3250"}],"version-history":[{"count":3,"href":"https:\/\/veritaglobal.majortom.dev\/fr\/wp-json\/wp\/v2\/pages\/3250\/revisions"}],"predecessor-version":[{"id":3662,"href":"https:\/\/veritaglobal.majortom.dev\/fr\/wp-json\/wp\/v2\/pages\/3250\/revisions\/3662"}],"wp:attachment":[{"href":"https:\/\/veritaglobal.majortom.dev\/fr\/wp-json\/wp\/v2\/media?parent=3250"}],"curies":[{"name":"wp","href":"https:\/\/api.w.org\/{rel}","templated":true}]}}