{"id":3338,"date":"2024-05-23T14:02:50","date_gmt":"2024-05-23T21:02:50","guid":{"rendered":"https:\/\/veritaglobal.majortom.dev\/tfs-service\/chapter-11\/"},"modified":"2024-11-05T08:50:50","modified_gmt":"2024-11-05T16:50:50","slug":"chapter-11","status":"publish","type":"page","link":"https:\/\/veritaglobal.majortom.dev\/fr\/tfs-service\/chapter-11\/","title":{"rendered":"Chapitre 11"},"content":{"rendered":"","protected":false},"excerpt":{"rendered":"","protected":false},"author":4,"featured_media":0,"parent":3218,"menu_order":1,"comment_status":"closed","ping_status":"closed","template":"templates\/template-content.php","meta":{"_acf_changed":false,"footnotes":""},"class_list":["post-3338","page","type-page","status-publish","hentry"],"acf":[],"yoast_head":"<!-- This site is optimized with the Yoast SEO plugin v27.5 - https:\/\/yoast.com\/product\/yoast-seo-wordpress\/ -->\n<title>Services complets de faillite du chapitre 11 | Verita<\/title>\n<meta name=\"description\" content=\"Am\u00e9liorez vos dossiers de faillite (chapitre 11) gr\u00e2ce aux solutions sur mesure de Verita. B\u00e9n\u00e9ficiez d\u2019une technologie avanc\u00e9e, d\u2019une gestion s\u00e9curis\u00e9e des donn\u00e9es et d\u2019un support expert pour une administration efficace des dossiers.\" \/>\n<meta name=\"robots\" content=\"index, follow, max-snippet:-1, max-image-preview:large, max-video-preview:-1\" \/>\n<link rel=\"canonical\" href=\"https:\/\/veritaglobal.majortom.dev\/fr\/tfs-service\/chapter-11\/\" \/>\n<meta property=\"og:locale\" content=\"fr_FR\" \/>\n<meta property=\"og:type\" content=\"article\" \/>\n<meta property=\"og:title\" content=\"Services complets de faillite du chapitre 11 | Verita\" \/>\n<meta property=\"og:description\" content=\"Am\u00e9liorez vos dossiers de faillite (chapitre 11) gr\u00e2ce aux solutions sur mesure de Verita. B\u00e9n\u00e9ficiez d\u2019une technologie avanc\u00e9e, d\u2019une gestion s\u00e9curis\u00e9e des donn\u00e9es et d\u2019un support expert pour une administration efficace des dossiers.\" \/>\n<meta property=\"og:url\" content=\"https:\/\/veritaglobal.majortom.dev\/fr\/tfs-service\/chapter-11\/\" \/>\n<meta property=\"og:site_name\" content=\"Verita Global\" \/>\n<meta property=\"article:modified_time\" content=\"2024-11-05T16:50:50+00:00\" \/>\n<meta name=\"twitter:card\" content=\"summary_large_image\" \/>\n<script type=\"application\/ld+json\" class=\"yoast-schema-graph\">{\"@context\":\"https:\\\/\\\/schema.org\",\"@graph\":[{\"@type\":\"WebPage\",\"@id\":\"https:\\\/\\\/veritaglobal.majortom.dev\\\/fr\\\/tfs-service\\\/chapter-11\\\/\",\"url\":\"https:\\\/\\\/veritaglobal.majortom.dev\\\/fr\\\/tfs-service\\\/chapter-11\\\/\",\"name\":\"Services complets de faillite du chapitre 11 | Verita\",\"isPartOf\":{\"@id\":\"https:\\\/\\\/veritaglobal.majortom.dev\\\/fr\\\/#website\"},\"datePublished\":\"2024-05-23T21:02:50+00:00\",\"dateModified\":\"2024-11-05T16:50:50+00:00\",\"description\":\"Am\u00e9liorez vos dossiers de faillite (chapitre 11) gr\u00e2ce aux solutions sur mesure de Verita. B\u00e9n\u00e9ficiez d\u2019une technologie avanc\u00e9e, d\u2019une gestion s\u00e9curis\u00e9e des donn\u00e9es et d\u2019un support expert pour une administration efficace des dossiers.\",\"breadcrumb\":{\"@id\":\"https:\\\/\\\/veritaglobal.majortom.dev\\\/fr\\\/tfs-service\\\/chapter-11\\\/#breadcrumb\"},\"inLanguage\":\"fr-FR\",\"potentialAction\":[{\"@type\":\"ReadAction\",\"target\":[\"https:\\\/\\\/veritaglobal.majortom.dev\\\/fr\\\/tfs-service\\\/chapter-11\\\/\"]}]},{\"@type\":\"BreadcrumbList\",\"@id\":\"https:\\\/\\\/veritaglobal.majortom.dev\\\/fr\\\/tfs-service\\\/chapter-11\\\/#breadcrumb\",\"itemListElement\":[{\"@type\":\"ListItem\",\"position\":1,\"name\":\"Accueil\",\"item\":\"https:\\\/\\\/veritaglobal.majortom.dev\\\/fr\\\/\"},{\"@type\":\"ListItem\",\"position\":2,\"name\":\"Services fiduciaires et fiduciaires\",\"item\":\"https:\\\/\\\/veritaglobal.majortom.dev\\\/fr\\\/tfs-service\\\/\"},{\"@type\":\"ListItem\",\"position\":3,\"name\":\"Chapitre 11\"}]},{\"@type\":\"WebSite\",\"@id\":\"https:\\\/\\\/veritaglobal.majortom.dev\\\/fr\\\/#website\",\"url\":\"https:\\\/\\\/veritaglobal.majortom.dev\\\/fr\\\/\",\"name\":\"Verita Global\",\"description\":\"\",\"potentialAction\":[{\"@type\":\"SearchAction\",\"target\":{\"@type\":\"EntryPoint\",\"urlTemplate\":\"https:\\\/\\\/veritaglobal.majortom.dev\\\/fr\\\/?s={search_term_string}\"},\"query-input\":{\"@type\":\"PropertyValueSpecification\",\"valueRequired\":true,\"valueName\":\"search_term_string\"}}],\"inLanguage\":\"fr-FR\"}]}<\/script>\n<!-- \/ Yoast SEO plugin. -->","yoast_head_json":{"title":"Services complets de faillite du chapitre 11 | Verita","description":"Am\u00e9liorez vos dossiers de faillite (chapitre 11) gr\u00e2ce aux solutions sur mesure de Verita. B\u00e9n\u00e9ficiez d\u2019une technologie avanc\u00e9e, d\u2019une gestion s\u00e9curis\u00e9e des donn\u00e9es et d\u2019un support expert pour une administration efficace des dossiers.","robots":{"index":"index","follow":"follow","max-snippet":"max-snippet:-1","max-image-preview":"max-image-preview:large","max-video-preview":"max-video-preview:-1"},"canonical":"https:\/\/veritaglobal.majortom.dev\/fr\/tfs-service\/chapter-11\/","og_locale":"fr_FR","og_type":"article","og_title":"Services complets de faillite du chapitre 11 | Verita","og_description":"Am\u00e9liorez vos dossiers de faillite (chapitre 11) gr\u00e2ce aux solutions sur mesure de Verita. B\u00e9n\u00e9ficiez d\u2019une technologie avanc\u00e9e, d\u2019une gestion s\u00e9curis\u00e9e des donn\u00e9es et d\u2019un support expert pour une administration efficace des dossiers.","og_url":"https:\/\/veritaglobal.majortom.dev\/fr\/tfs-service\/chapter-11\/","og_site_name":"Verita Global","article_modified_time":"2024-11-05T16:50:50+00:00","twitter_card":"summary_large_image","schema":{"@context":"https:\/\/schema.org","@graph":[{"@type":"WebPage","@id":"https:\/\/veritaglobal.majortom.dev\/fr\/tfs-service\/chapter-11\/","url":"https:\/\/veritaglobal.majortom.dev\/fr\/tfs-service\/chapter-11\/","name":"Services complets de faillite du chapitre 11 | Verita","isPartOf":{"@id":"https:\/\/veritaglobal.majortom.dev\/fr\/#website"},"datePublished":"2024-05-23T21:02:50+00:00","dateModified":"2024-11-05T16:50:50+00:00","description":"Am\u00e9liorez vos dossiers de faillite (chapitre 11) gr\u00e2ce aux solutions sur mesure de Verita. B\u00e9n\u00e9ficiez d\u2019une technologie avanc\u00e9e, d\u2019une gestion s\u00e9curis\u00e9e des donn\u00e9es et d\u2019un support expert pour une administration efficace des dossiers.","breadcrumb":{"@id":"https:\/\/veritaglobal.majortom.dev\/fr\/tfs-service\/chapter-11\/#breadcrumb"},"inLanguage":"fr-FR","potentialAction":[{"@type":"ReadAction","target":["https:\/\/veritaglobal.majortom.dev\/fr\/tfs-service\/chapter-11\/"]}]},{"@type":"BreadcrumbList","@id":"https:\/\/veritaglobal.majortom.dev\/fr\/tfs-service\/chapter-11\/#breadcrumb","itemListElement":[{"@type":"ListItem","position":1,"name":"Accueil","item":"https:\/\/veritaglobal.majortom.dev\/fr\/"},{"@type":"ListItem","position":2,"name":"Services fiduciaires et fiduciaires","item":"https:\/\/veritaglobal.majortom.dev\/fr\/tfs-service\/"},{"@type":"ListItem","position":3,"name":"Chapitre 11"}]},{"@type":"WebSite","@id":"https:\/\/veritaglobal.majortom.dev\/fr\/#website","url":"https:\/\/veritaglobal.majortom.dev\/fr\/","name":"Verita Global","description":"","potentialAction":[{"@type":"SearchAction","target":{"@type":"EntryPoint","urlTemplate":"https:\/\/veritaglobal.majortom.dev\/fr\/?s={search_term_string}"},"query-input":{"@type":"PropertyValueSpecification","valueRequired":true,"valueName":"search_term_string"}}],"inLanguage":"fr-FR"}]}},"_links":{"self":[{"href":"https:\/\/veritaglobal.majortom.dev\/fr\/wp-json\/wp\/v2\/pages\/3338","targetHints":{"allow":["GET"]}}],"collection":[{"href":"https:\/\/veritaglobal.majortom.dev\/fr\/wp-json\/wp\/v2\/pages"}],"about":[{"href":"https:\/\/veritaglobal.majortom.dev\/fr\/wp-json\/wp\/v2\/types\/page"}],"author":[{"embeddable":true,"href":"https:\/\/veritaglobal.majortom.dev\/fr\/wp-json\/wp\/v2\/users\/4"}],"replies":[{"embeddable":true,"href":"https:\/\/veritaglobal.majortom.dev\/fr\/wp-json\/wp\/v2\/comments?post=3338"}],"version-history":[{"count":4,"href":"https:\/\/veritaglobal.majortom.dev\/fr\/wp-json\/wp\/v2\/pages\/3338\/revisions"}],"predecessor-version":[{"id":3707,"href":"https:\/\/veritaglobal.majortom.dev\/fr\/wp-json\/wp\/v2\/pages\/3338\/revisions\/3707"}],"up":[{"embeddable":true,"href":"https:\/\/veritaglobal.majortom.dev\/fr\/wp-json\/wp\/v2\/pages\/3218"}],"wp:attachment":[{"href":"https:\/\/veritaglobal.majortom.dev\/fr\/wp-json\/wp\/v2\/media?parent=3338"}],"curies":[{"name":"wp","href":"https:\/\/api.w.org\/{rel}","templated":true}]}}