{"id":3341,"date":"2024-05-23T14:39:11","date_gmt":"2024-05-23T21:39:11","guid":{"rendered":"https:\/\/veritaglobal.majortom.dev\/tfs-service\/receivership-abc\/"},"modified":"2024-11-05T15:21:18","modified_gmt":"2024-11-05T23:21:18","slug":"mise-sous-sequestre-et-abc","status":"publish","type":"page","link":"https:\/\/veritaglobal.majortom.dev\/fr\/tfs-service\/mise-sous-sequestre-et-abc\/","title":{"rendered":"Mise sous s\u00e9questre et ABC"},"content":{"rendered":"","protected":false},"excerpt":{"rendered":"","protected":false},"author":4,"featured_media":0,"parent":3218,"menu_order":2,"comment_status":"closed","ping_status":"closed","template":"templates\/template-content.php","meta":{"_acf_changed":false,"footnotes":""},"class_list":["post-3341","page","type-page","status-publish","hentry"],"acf":[],"yoast_head":"<!-- This site is optimized with the Yoast SEO plugin v27.5 - https:\/\/yoast.com\/product\/yoast-seo-wordpress\/ -->\n<title>Mise sous s\u00e9questre professionnelle et services ABC | Verita<\/title>\n<meta name=\"description\" content=\"Optimisez les processus de mise sous s\u00e9questre et de cession au profit des cr\u00e9anciers (ABC) gr\u00e2ce aux services sp\u00e9cialis\u00e9s de Verita. B\u00e9n\u00e9ficiez d\u2019une assistance d\u00e9taill\u00e9e et d\u2019une gestion efficace pour traiter efficacement vos dossiers. Contactez-nous maintenant.\" \/>\n<meta name=\"robots\" content=\"index, follow, max-snippet:-1, max-image-preview:large, max-video-preview:-1\" \/>\n<link rel=\"canonical\" href=\"https:\/\/veritaglobal.majortom.dev\/fr\/tfs-service\/mise-sous-sequestre-et-abc\/\" \/>\n<meta property=\"og:locale\" content=\"fr_FR\" \/>\n<meta property=\"og:type\" content=\"article\" \/>\n<meta property=\"og:title\" content=\"Mise sous s\u00e9questre professionnelle et services ABC | Verita\" \/>\n<meta property=\"og:description\" content=\"Optimisez les processus de mise sous s\u00e9questre et de cession au profit des cr\u00e9anciers (ABC) gr\u00e2ce aux services sp\u00e9cialis\u00e9s de Verita. B\u00e9n\u00e9ficiez d\u2019une assistance d\u00e9taill\u00e9e et d\u2019une gestion efficace pour traiter efficacement vos dossiers. Contactez-nous maintenant.\" \/>\n<meta property=\"og:url\" content=\"https:\/\/veritaglobal.majortom.dev\/fr\/tfs-service\/mise-sous-sequestre-et-abc\/\" \/>\n<meta property=\"og:site_name\" content=\"Verita Global\" \/>\n<meta property=\"article:modified_time\" content=\"2024-11-05T23:21:18+00:00\" \/>\n<meta name=\"twitter:card\" content=\"summary_large_image\" \/>\n<script type=\"application\/ld+json\" class=\"yoast-schema-graph\">{\"@context\":\"https:\\\/\\\/schema.org\",\"@graph\":[{\"@type\":\"WebPage\",\"@id\":\"https:\\\/\\\/veritaglobal.majortom.dev\\\/fr\\\/tfs-service\\\/mise-sous-sequestre-et-abc\\\/\",\"url\":\"https:\\\/\\\/veritaglobal.majortom.dev\\\/fr\\\/tfs-service\\\/mise-sous-sequestre-et-abc\\\/\",\"name\":\"Mise sous s\u00e9questre professionnelle et services ABC | Verita\",\"isPartOf\":{\"@id\":\"https:\\\/\\\/veritaglobal.majortom.dev\\\/fr\\\/#website\"},\"datePublished\":\"2024-05-23T21:39:11+00:00\",\"dateModified\":\"2024-11-05T23:21:18+00:00\",\"description\":\"Optimisez les processus de mise sous s\u00e9questre et de cession au profit des cr\u00e9anciers (ABC) gr\u00e2ce aux services sp\u00e9cialis\u00e9s de Verita. B\u00e9n\u00e9ficiez d\u2019une assistance d\u00e9taill\u00e9e et d\u2019une gestion efficace pour traiter efficacement vos dossiers. Contactez-nous maintenant.\",\"breadcrumb\":{\"@id\":\"https:\\\/\\\/veritaglobal.majortom.dev\\\/fr\\\/tfs-service\\\/mise-sous-sequestre-et-abc\\\/#breadcrumb\"},\"inLanguage\":\"fr-FR\",\"potentialAction\":[{\"@type\":\"ReadAction\",\"target\":[\"https:\\\/\\\/veritaglobal.majortom.dev\\\/fr\\\/tfs-service\\\/mise-sous-sequestre-et-abc\\\/\"]}]},{\"@type\":\"BreadcrumbList\",\"@id\":\"https:\\\/\\\/veritaglobal.majortom.dev\\\/fr\\\/tfs-service\\\/mise-sous-sequestre-et-abc\\\/#breadcrumb\",\"itemListElement\":[{\"@type\":\"ListItem\",\"position\":1,\"name\":\"Accueil\",\"item\":\"https:\\\/\\\/veritaglobal.majortom.dev\\\/fr\\\/\"},{\"@type\":\"ListItem\",\"position\":2,\"name\":\"Services fiduciaires et fiduciaires\",\"item\":\"https:\\\/\\\/veritaglobal.majortom.dev\\\/fr\\\/tfs-service\\\/\"},{\"@type\":\"ListItem\",\"position\":3,\"name\":\"Mise sous s\u00e9questre et ABC\"}]},{\"@type\":\"WebSite\",\"@id\":\"https:\\\/\\\/veritaglobal.majortom.dev\\\/fr\\\/#website\",\"url\":\"https:\\\/\\\/veritaglobal.majortom.dev\\\/fr\\\/\",\"name\":\"Verita Global\",\"description\":\"\",\"potentialAction\":[{\"@type\":\"SearchAction\",\"target\":{\"@type\":\"EntryPoint\",\"urlTemplate\":\"https:\\\/\\\/veritaglobal.majortom.dev\\\/fr\\\/?s={search_term_string}\"},\"query-input\":{\"@type\":\"PropertyValueSpecification\",\"valueRequired\":true,\"valueName\":\"search_term_string\"}}],\"inLanguage\":\"fr-FR\"}]}<\/script>\n<!-- \/ Yoast SEO plugin. -->","yoast_head_json":{"title":"Mise sous s\u00e9questre professionnelle et services ABC | Verita","description":"Optimisez les processus de mise sous s\u00e9questre et de cession au profit des cr\u00e9anciers (ABC) gr\u00e2ce aux services sp\u00e9cialis\u00e9s de Verita. B\u00e9n\u00e9ficiez d\u2019une assistance d\u00e9taill\u00e9e et d\u2019une gestion efficace pour traiter efficacement vos dossiers. Contactez-nous maintenant.","robots":{"index":"index","follow":"follow","max-snippet":"max-snippet:-1","max-image-preview":"max-image-preview:large","max-video-preview":"max-video-preview:-1"},"canonical":"https:\/\/veritaglobal.majortom.dev\/fr\/tfs-service\/mise-sous-sequestre-et-abc\/","og_locale":"fr_FR","og_type":"article","og_title":"Mise sous s\u00e9questre professionnelle et services ABC | Verita","og_description":"Optimisez les processus de mise sous s\u00e9questre et de cession au profit des cr\u00e9anciers (ABC) gr\u00e2ce aux services sp\u00e9cialis\u00e9s de Verita. B\u00e9n\u00e9ficiez d\u2019une assistance d\u00e9taill\u00e9e et d\u2019une gestion efficace pour traiter efficacement vos dossiers. Contactez-nous maintenant.","og_url":"https:\/\/veritaglobal.majortom.dev\/fr\/tfs-service\/mise-sous-sequestre-et-abc\/","og_site_name":"Verita Global","article_modified_time":"2024-11-05T23:21:18+00:00","twitter_card":"summary_large_image","schema":{"@context":"https:\/\/schema.org","@graph":[{"@type":"WebPage","@id":"https:\/\/veritaglobal.majortom.dev\/fr\/tfs-service\/mise-sous-sequestre-et-abc\/","url":"https:\/\/veritaglobal.majortom.dev\/fr\/tfs-service\/mise-sous-sequestre-et-abc\/","name":"Mise sous s\u00e9questre professionnelle et services ABC | Verita","isPartOf":{"@id":"https:\/\/veritaglobal.majortom.dev\/fr\/#website"},"datePublished":"2024-05-23T21:39:11+00:00","dateModified":"2024-11-05T23:21:18+00:00","description":"Optimisez les processus de mise sous s\u00e9questre et de cession au profit des cr\u00e9anciers (ABC) gr\u00e2ce aux services sp\u00e9cialis\u00e9s de Verita. B\u00e9n\u00e9ficiez d\u2019une assistance d\u00e9taill\u00e9e et d\u2019une gestion efficace pour traiter efficacement vos dossiers. Contactez-nous maintenant.","breadcrumb":{"@id":"https:\/\/veritaglobal.majortom.dev\/fr\/tfs-service\/mise-sous-sequestre-et-abc\/#breadcrumb"},"inLanguage":"fr-FR","potentialAction":[{"@type":"ReadAction","target":["https:\/\/veritaglobal.majortom.dev\/fr\/tfs-service\/mise-sous-sequestre-et-abc\/"]}]},{"@type":"BreadcrumbList","@id":"https:\/\/veritaglobal.majortom.dev\/fr\/tfs-service\/mise-sous-sequestre-et-abc\/#breadcrumb","itemListElement":[{"@type":"ListItem","position":1,"name":"Accueil","item":"https:\/\/veritaglobal.majortom.dev\/fr\/"},{"@type":"ListItem","position":2,"name":"Services fiduciaires et fiduciaires","item":"https:\/\/veritaglobal.majortom.dev\/fr\/tfs-service\/"},{"@type":"ListItem","position":3,"name":"Mise sous s\u00e9questre et ABC"}]},{"@type":"WebSite","@id":"https:\/\/veritaglobal.majortom.dev\/fr\/#website","url":"https:\/\/veritaglobal.majortom.dev\/fr\/","name":"Verita Global","description":"","potentialAction":[{"@type":"SearchAction","target":{"@type":"EntryPoint","urlTemplate":"https:\/\/veritaglobal.majortom.dev\/fr\/?s={search_term_string}"},"query-input":{"@type":"PropertyValueSpecification","valueRequired":true,"valueName":"search_term_string"}}],"inLanguage":"fr-FR"}]}},"_links":{"self":[{"href":"https:\/\/veritaglobal.majortom.dev\/fr\/wp-json\/wp\/v2\/pages\/3341","targetHints":{"allow":["GET"]}}],"collection":[{"href":"https:\/\/veritaglobal.majortom.dev\/fr\/wp-json\/wp\/v2\/pages"}],"about":[{"href":"https:\/\/veritaglobal.majortom.dev\/fr\/wp-json\/wp\/v2\/types\/page"}],"author":[{"embeddable":true,"href":"https:\/\/veritaglobal.majortom.dev\/fr\/wp-json\/wp\/v2\/users\/4"}],"replies":[{"embeddable":true,"href":"https:\/\/veritaglobal.majortom.dev\/fr\/wp-json\/wp\/v2\/comments?post=3341"}],"version-history":[{"count":5,"href":"https:\/\/veritaglobal.majortom.dev\/fr\/wp-json\/wp\/v2\/pages\/3341\/revisions"}],"predecessor-version":[{"id":3739,"href":"https:\/\/veritaglobal.majortom.dev\/fr\/wp-json\/wp\/v2\/pages\/3341\/revisions\/3739"}],"up":[{"embeddable":true,"href":"https:\/\/veritaglobal.majortom.dev\/fr\/wp-json\/wp\/v2\/pages\/3218"}],"wp:attachment":[{"href":"https:\/\/veritaglobal.majortom.dev\/fr\/wp-json\/wp\/v2\/media?parent=3341"}],"curies":[{"name":"wp","href":"https:\/\/api.w.org\/{rel}","templated":true}]}}