{"id":3349,"date":"2024-05-23T14:47:20","date_gmt":"2024-05-23T21:47:20","guid":{"rendered":"https:\/\/veritaglobal.majortom.dev\/tfs-service\/subchapter-v\/"},"modified":"2024-11-05T13:15:09","modified_gmt":"2024-11-05T21:15:09","slug":"subchapter-v","status":"publish","type":"page","link":"https:\/\/veritaglobal.majortom.dev\/fr\/tfs-service\/subchapter-v\/","title":{"rendered":"Sous-chapitre V"},"content":{"rendered":"","protected":false},"excerpt":{"rendered":"","protected":false},"author":4,"featured_media":0,"parent":3218,"menu_order":3,"comment_status":"closed","ping_status":"closed","template":"templates\/template-content.php","meta":{"_acf_changed":false,"footnotes":""},"class_list":["post-3349","page","type-page","status-publish","hentry"],"acf":[],"yoast_head":"<!-- This site is optimized with the Yoast SEO plugin v27.5 - https:\/\/yoast.com\/product\/yoast-seo-wordpress\/ -->\n<title>Sous-chapitre V Services de faillite | Verita<\/title>\n<meta name=\"description\" content=\"Rationalisez les dossiers du sous-chapitre V gr\u00e2ce aux solutions expertes de Verita. Nos services comprennent une gestion s\u00e9curis\u00e9e des donn\u00e9es, un traitement efficace des dossiers et une assistance d\u00e9di\u00e9e aux petites entreprises. D\u00e9couvrez nos services d\u00e8s aujourd\u2019hui.\" \/>\n<meta name=\"robots\" content=\"index, follow, max-snippet:-1, max-image-preview:large, max-video-preview:-1\" \/>\n<link rel=\"canonical\" href=\"https:\/\/veritaglobal.majortom.dev\/fr\/tfs-service\/subchapter-v\/\" \/>\n<meta property=\"og:locale\" content=\"fr_FR\" \/>\n<meta property=\"og:type\" content=\"article\" \/>\n<meta property=\"og:title\" content=\"Sous-chapitre V Services de faillite | Verita\" \/>\n<meta property=\"og:description\" content=\"Rationalisez les dossiers du sous-chapitre V gr\u00e2ce aux solutions expertes de Verita. Nos services comprennent une gestion s\u00e9curis\u00e9e des donn\u00e9es, un traitement efficace des dossiers et une assistance d\u00e9di\u00e9e aux petites entreprises. D\u00e9couvrez nos services d\u00e8s aujourd\u2019hui.\" \/>\n<meta property=\"og:url\" content=\"https:\/\/veritaglobal.majortom.dev\/fr\/tfs-service\/subchapter-v\/\" \/>\n<meta property=\"og:site_name\" content=\"Verita Global\" \/>\n<meta property=\"article:modified_time\" content=\"2024-11-05T21:15:09+00:00\" \/>\n<meta name=\"twitter:card\" content=\"summary_large_image\" \/>\n<script type=\"application\/ld+json\" class=\"yoast-schema-graph\">{\"@context\":\"https:\\\/\\\/schema.org\",\"@graph\":[{\"@type\":\"WebPage\",\"@id\":\"https:\\\/\\\/veritaglobal.majortom.dev\\\/fr\\\/tfs-service\\\/subchapter-v\\\/\",\"url\":\"https:\\\/\\\/veritaglobal.majortom.dev\\\/fr\\\/tfs-service\\\/subchapter-v\\\/\",\"name\":\"Sous-chapitre V Services de faillite | Verita\",\"isPartOf\":{\"@id\":\"https:\\\/\\\/veritaglobal.majortom.dev\\\/fr\\\/#website\"},\"datePublished\":\"2024-05-23T21:47:20+00:00\",\"dateModified\":\"2024-11-05T21:15:09+00:00\",\"description\":\"Rationalisez les dossiers du sous-chapitre V gr\u00e2ce aux solutions expertes de Verita. Nos services comprennent une gestion s\u00e9curis\u00e9e des donn\u00e9es, un traitement efficace des dossiers et une assistance d\u00e9di\u00e9e aux petites entreprises. D\u00e9couvrez nos services d\u00e8s aujourd\u2019hui.\",\"breadcrumb\":{\"@id\":\"https:\\\/\\\/veritaglobal.majortom.dev\\\/fr\\\/tfs-service\\\/subchapter-v\\\/#breadcrumb\"},\"inLanguage\":\"fr-FR\",\"potentialAction\":[{\"@type\":\"ReadAction\",\"target\":[\"https:\\\/\\\/veritaglobal.majortom.dev\\\/fr\\\/tfs-service\\\/subchapter-v\\\/\"]}]},{\"@type\":\"BreadcrumbList\",\"@id\":\"https:\\\/\\\/veritaglobal.majortom.dev\\\/fr\\\/tfs-service\\\/subchapter-v\\\/#breadcrumb\",\"itemListElement\":[{\"@type\":\"ListItem\",\"position\":1,\"name\":\"Accueil\",\"item\":\"https:\\\/\\\/veritaglobal.majortom.dev\\\/fr\\\/\"},{\"@type\":\"ListItem\",\"position\":2,\"name\":\"Services fiduciaires et fiduciaires\",\"item\":\"https:\\\/\\\/veritaglobal.majortom.dev\\\/fr\\\/tfs-service\\\/\"},{\"@type\":\"ListItem\",\"position\":3,\"name\":\"Sous-chapitre V\"}]},{\"@type\":\"WebSite\",\"@id\":\"https:\\\/\\\/veritaglobal.majortom.dev\\\/fr\\\/#website\",\"url\":\"https:\\\/\\\/veritaglobal.majortom.dev\\\/fr\\\/\",\"name\":\"Verita Global\",\"description\":\"\",\"potentialAction\":[{\"@type\":\"SearchAction\",\"target\":{\"@type\":\"EntryPoint\",\"urlTemplate\":\"https:\\\/\\\/veritaglobal.majortom.dev\\\/fr\\\/?s={search_term_string}\"},\"query-input\":{\"@type\":\"PropertyValueSpecification\",\"valueRequired\":true,\"valueName\":\"search_term_string\"}}],\"inLanguage\":\"fr-FR\"}]}<\/script>\n<!-- \/ Yoast SEO plugin. -->","yoast_head_json":{"title":"Sous-chapitre V Services de faillite | Verita","description":"Rationalisez les dossiers du sous-chapitre V gr\u00e2ce aux solutions expertes de Verita. Nos services comprennent une gestion s\u00e9curis\u00e9e des donn\u00e9es, un traitement efficace des dossiers et une assistance d\u00e9di\u00e9e aux petites entreprises. D\u00e9couvrez nos services d\u00e8s aujourd\u2019hui.","robots":{"index":"index","follow":"follow","max-snippet":"max-snippet:-1","max-image-preview":"max-image-preview:large","max-video-preview":"max-video-preview:-1"},"canonical":"https:\/\/veritaglobal.majortom.dev\/fr\/tfs-service\/subchapter-v\/","og_locale":"fr_FR","og_type":"article","og_title":"Sous-chapitre V Services de faillite | Verita","og_description":"Rationalisez les dossiers du sous-chapitre V gr\u00e2ce aux solutions expertes de Verita. Nos services comprennent une gestion s\u00e9curis\u00e9e des donn\u00e9es, un traitement efficace des dossiers et une assistance d\u00e9di\u00e9e aux petites entreprises. D\u00e9couvrez nos services d\u00e8s aujourd\u2019hui.","og_url":"https:\/\/veritaglobal.majortom.dev\/fr\/tfs-service\/subchapter-v\/","og_site_name":"Verita Global","article_modified_time":"2024-11-05T21:15:09+00:00","twitter_card":"summary_large_image","schema":{"@context":"https:\/\/schema.org","@graph":[{"@type":"WebPage","@id":"https:\/\/veritaglobal.majortom.dev\/fr\/tfs-service\/subchapter-v\/","url":"https:\/\/veritaglobal.majortom.dev\/fr\/tfs-service\/subchapter-v\/","name":"Sous-chapitre V Services de faillite | Verita","isPartOf":{"@id":"https:\/\/veritaglobal.majortom.dev\/fr\/#website"},"datePublished":"2024-05-23T21:47:20+00:00","dateModified":"2024-11-05T21:15:09+00:00","description":"Rationalisez les dossiers du sous-chapitre V gr\u00e2ce aux solutions expertes de Verita. Nos services comprennent une gestion s\u00e9curis\u00e9e des donn\u00e9es, un traitement efficace des dossiers et une assistance d\u00e9di\u00e9e aux petites entreprises. D\u00e9couvrez nos services d\u00e8s aujourd\u2019hui.","breadcrumb":{"@id":"https:\/\/veritaglobal.majortom.dev\/fr\/tfs-service\/subchapter-v\/#breadcrumb"},"inLanguage":"fr-FR","potentialAction":[{"@type":"ReadAction","target":["https:\/\/veritaglobal.majortom.dev\/fr\/tfs-service\/subchapter-v\/"]}]},{"@type":"BreadcrumbList","@id":"https:\/\/veritaglobal.majortom.dev\/fr\/tfs-service\/subchapter-v\/#breadcrumb","itemListElement":[{"@type":"ListItem","position":1,"name":"Accueil","item":"https:\/\/veritaglobal.majortom.dev\/fr\/"},{"@type":"ListItem","position":2,"name":"Services fiduciaires et fiduciaires","item":"https:\/\/veritaglobal.majortom.dev\/fr\/tfs-service\/"},{"@type":"ListItem","position":3,"name":"Sous-chapitre V"}]},{"@type":"WebSite","@id":"https:\/\/veritaglobal.majortom.dev\/fr\/#website","url":"https:\/\/veritaglobal.majortom.dev\/fr\/","name":"Verita Global","description":"","potentialAction":[{"@type":"SearchAction","target":{"@type":"EntryPoint","urlTemplate":"https:\/\/veritaglobal.majortom.dev\/fr\/?s={search_term_string}"},"query-input":{"@type":"PropertyValueSpecification","valueRequired":true,"valueName":"search_term_string"}}],"inLanguage":"fr-FR"}]}},"_links":{"self":[{"href":"https:\/\/veritaglobal.majortom.dev\/fr\/wp-json\/wp\/v2\/pages\/3349","targetHints":{"allow":["GET"]}}],"collection":[{"href":"https:\/\/veritaglobal.majortom.dev\/fr\/wp-json\/wp\/v2\/pages"}],"about":[{"href":"https:\/\/veritaglobal.majortom.dev\/fr\/wp-json\/wp\/v2\/types\/page"}],"author":[{"embeddable":true,"href":"https:\/\/veritaglobal.majortom.dev\/fr\/wp-json\/wp\/v2\/users\/4"}],"replies":[{"embeddable":true,"href":"https:\/\/veritaglobal.majortom.dev\/fr\/wp-json\/wp\/v2\/comments?post=3349"}],"version-history":[{"count":4,"href":"https:\/\/veritaglobal.majortom.dev\/fr\/wp-json\/wp\/v2\/pages\/3349\/revisions"}],"predecessor-version":[{"id":3722,"href":"https:\/\/veritaglobal.majortom.dev\/fr\/wp-json\/wp\/v2\/pages\/3349\/revisions\/3722"}],"up":[{"embeddable":true,"href":"https:\/\/veritaglobal.majortom.dev\/fr\/wp-json\/wp\/v2\/pages\/3218"}],"wp:attachment":[{"href":"https:\/\/veritaglobal.majortom.dev\/fr\/wp-json\/wp\/v2\/media?parent=3349"}],"curies":[{"name":"wp","href":"https:\/\/api.w.org\/{rel}","templated":true}]}}